{"id":110,"date":"2011-06-08T09:15:52","date_gmt":"2011-06-08T09:15:52","guid":{"rendered":"http:\/\/jaguar-yacht.de\/?page_id=110"},"modified":"2019-06-04T09:18:03","modified_gmt":"2019-06-04T07:18:03","slug":"hallo-segler","status":"publish","type":"page","link":"https:\/\/jaguar-yacht.de\/da\/","title":{"rendered":"Hej sejlere"},"content":{"rendered":"<p><\/p>\n<p>Hjertelig velkommen p\u00e5 min Jaguar 25 hjemmeside.&nbsp;<\/p>\n<p>Hvis i har lyst til at finde ud af nogle ting omkring en Jaguar 25 eller et af de sk\u00f8nneste sejlomr\u00e5der i nordeuropa, er det lige netop her i skal v\u00e6re. Da Jaguaren er en engelsk b\u00e5d, findes der selvfl\u00f8lgelig ogs\u00e5 en fantastisk side (se links) p\u00e5 engelsk. Men p\u00e5 tysk eller dansk ser det ikke s\u00e5 godt ud. Hvem ved, m\u00e5ske findes der jo et par Jaguar 25-ejere der har lyst til at m\u00f8des her. Jeg h\u00e5ber i f\u00e5r et par interssante minuter her p\u00e5 siden. Jeg gl\u00e6der mig over en lille kommentar i g\u00e6stebogen<\/p>\n<p><a title=\"Jaguar\u00b4s im \u00dcberblick\" href=\"https:\/\/jaguar-yacht.de\/galerie\/andere-eigner-einer-jaguar-25\/jaguars-ueberblick\/\"><img loading=\"lazy\" decoding=\"async\" class=\"alignleft size-medium\" src=\"https:\/\/jaguar-yacht.de\/wp-content\/uploads\/2014\/10\/Map-dan-300x290.jpg\" alt=\"Map dan\" width=\"300\" height=\"290\"\/><\/a><\/p>\n<p><\/p>","protected":false},"excerpt":{"rendered":"<p>Hjertelig velkommen p\u00e5 min Jaguar 25 hjemmeside.&nbsp; Hvis i har lyst til at finde ud af nogle ting omkring en Jaguar 25 eller et af de sk\u00f8nneste sejlomr\u00e5der i nordeuropa, er det lige netop her i skal v\u00e6re. Da Jaguaren er en engelsk b\u00e5d, findes der selvfl\u00f8lgelig ogs\u00e5 en fantastisk [&hellip;]<\/p>\n","protected":false},"author":1,"featured_media":0,"parent":0,"menu_order":0,"comment_status":"closed","ping_status":"closed","template":"","meta":{"ngg_post_thumbnail":0,"footnotes":""},"class_list":["post-110","page","type-page","status-publish","hentry"],"yoast_head":"<!-- This site is optimized with the Yoast SEO plugin v26.7 - https:\/\/yoast.com\/wordpress\/plugins\/seo\/ -->\n<title>Jaguar 25 Segel Yacht - Logbuch<\/title>\n<meta name=\"description\" content=\"Wer Lust hat sich \u00fcber eine Jaguar 25 und eines der sch\u00f6nsten Segelreviere in Nordeuropa zu informieren, ist hier genau richtig. Da die Jaguar eine englische Yacht\" \/>\n<meta name=\"robots\" content=\"index, follow, max-snippet:-1, max-image-preview:large, max-video-preview:-1\" \/>\n<link rel=\"canonical\" href=\"https:\/\/jaguar-yacht.de\/\" \/>\n<meta property=\"og:locale\" content=\"da_DK\" \/>\n<meta property=\"og:type\" content=\"article\" \/>\n<meta property=\"og:title\" content=\"Jaguar 25 Segel Yacht - Logbuch\" \/>\n<meta property=\"og:description\" content=\"Wer Lust hat sich \u00fcber eine Jaguar 25 und eines der sch\u00f6nsten Segelreviere in Nordeuropa zu informieren, ist hier genau richtig. Da die Jaguar eine englische Yacht\" \/>\n<meta property=\"og:url\" content=\"https:\/\/jaguar-yacht.de\/\" \/>\n<meta property=\"og:site_name\" content=\"Jaguar 25\" \/>\n<meta property=\"article:modified_time\" content=\"2019-06-04T07:18:03+00:00\" \/>\n<meta property=\"og:image\" content=\"https:\/\/jaguar-yacht.de\/wp-content\/uploads\/2014\/10\/Map-deu-300x290.jpg\" \/>\n<meta name=\"twitter:card\" content=\"summary_large_image\" \/>\n<meta name=\"twitter:label1\" content=\"Estimeret l\u00e6setid\" \/>\n\t<meta name=\"twitter:data1\" content=\"1 minut\" \/>\n<script type=\"application\/ld+json\" class=\"yoast-schema-graph\">{\"@context\":\"https:\/\/schema.org\",\"@graph\":[{\"@type\":\"WebPage\",\"@id\":\"https:\/\/jaguar-yacht.de\/\",\"url\":\"https:\/\/jaguar-yacht.de\/\",\"name\":\"Jaguar 25 Segel Yacht - Logbuch\",\"isPartOf\":{\"@id\":\"https:\/\/jaguar-yacht.de\/#website\"},\"primaryImageOfPage\":{\"@id\":\"https:\/\/jaguar-yacht.de\/#primaryimage\"},\"image\":{\"@id\":\"https:\/\/jaguar-yacht.de\/#primaryimage\"},\"thumbnailUrl\":\"https:\/\/jaguar-yacht.de\/wp-content\/uploads\/2014\/10\/Map-deu-300x290.jpg\",\"datePublished\":\"2011-06-08T09:15:52+00:00\",\"dateModified\":\"2019-06-04T07:18:03+00:00\",\"description\":\"Wer Lust hat sich \u00fcber eine Jaguar 25 und eines der sch\u00f6nsten Segelreviere in Nordeuropa zu informieren, ist hier genau richtig. Da die Jaguar eine englische Yacht\",\"breadcrumb\":{\"@id\":\"https:\/\/jaguar-yacht.de\/#breadcrumb\"},\"inLanguage\":\"da-DK\",\"potentialAction\":[{\"@type\":\"ReadAction\",\"target\":[\"https:\/\/jaguar-yacht.de\/\"]}]},{\"@type\":\"ImageObject\",\"inLanguage\":\"da-DK\",\"@id\":\"https:\/\/jaguar-yacht.de\/#primaryimage\",\"url\":\"https:\/\/jaguar-yacht.de\/wp-content\/uploads\/2014\/10\/Map-deu-300x290.jpg\",\"contentUrl\":\"https:\/\/jaguar-yacht.de\/wp-content\/uploads\/2014\/10\/Map-deu-300x290.jpg\"},{\"@type\":\"BreadcrumbList\",\"@id\":\"https:\/\/jaguar-yacht.de\/#breadcrumb\",\"itemListElement\":[{\"@type\":\"ListItem\",\"position\":1,\"name\":\"Startseite\",\"item\":\"https:\/\/jaguar-yacht.de\/\"},{\"@type\":\"ListItem\",\"position\":2,\"name\":\"Hallo Segler\"}]},{\"@type\":\"WebSite\",\"@id\":\"https:\/\/jaguar-yacht.de\/#website\",\"url\":\"https:\/\/jaguar-yacht.de\/\",\"name\":\"Jaguar 25\",\"description\":\"Schiffe die hinter dem Horizont verschwinden sind nicht weg - man sieht sie nur nicht mehr.\",\"publisher\":{\"@id\":\"https:\/\/jaguar-yacht.de\/#\/schema\/person\/373dddb1a7003b67a1230f5b6479b3df\"},\"potentialAction\":[{\"@type\":\"SearchAction\",\"target\":{\"@type\":\"EntryPoint\",\"urlTemplate\":\"https:\/\/jaguar-yacht.de\/?s={search_term_string}\"},\"query-input\":{\"@type\":\"PropertyValueSpecification\",\"valueRequired\":true,\"valueName\":\"search_term_string\"}}],\"inLanguage\":\"da-DK\"},{\"@type\":[\"Person\",\"Organization\"],\"@id\":\"https:\/\/jaguar-yacht.de\/#\/schema\/person\/373dddb1a7003b67a1230f5b6479b3df\",\"name\":\"Olaf\",\"image\":{\"@type\":\"ImageObject\",\"inLanguage\":\"da-DK\",\"@id\":\"https:\/\/jaguar-yacht.de\/#\/schema\/person\/image\/\",\"url\":\"https:\/\/jaguar-yacht.de\/wp-content\/uploads\/2019\/06\/jaguar-blau-200.png\",\"contentUrl\":\"https:\/\/jaguar-yacht.de\/wp-content\/uploads\/2019\/06\/jaguar-blau-200.png\",\"width\":200,\"height\":45,\"caption\":\"Olaf\"},\"logo\":{\"@id\":\"https:\/\/jaguar-yacht.de\/#\/schema\/person\/image\/\"}}]}<\/script>\n<!-- \/ Yoast SEO plugin. -->","yoast_head_json":{"title":"Jaguar 25 Segel Yacht - Logbuch","description":"Wer Lust hat sich \u00fcber eine Jaguar 25 und eines der sch\u00f6nsten Segelreviere in Nordeuropa zu informieren, ist hier genau richtig. Da die Jaguar eine englische Yacht","robots":{"index":"index","follow":"follow","max-snippet":"max-snippet:-1","max-image-preview":"max-image-preview:large","max-video-preview":"max-video-preview:-1"},"canonical":"https:\/\/jaguar-yacht.de\/","og_locale":"da_DK","og_type":"article","og_title":"Jaguar 25 Segel Yacht - Logbuch","og_description":"Wer Lust hat sich \u00fcber eine Jaguar 25 und eines der sch\u00f6nsten Segelreviere in Nordeuropa zu informieren, ist hier genau richtig. Da die Jaguar eine englische Yacht","og_url":"https:\/\/jaguar-yacht.de\/","og_site_name":"Jaguar 25","article_modified_time":"2019-06-04T07:18:03+00:00","og_image":[{"url":"https:\/\/jaguar-yacht.de\/wp-content\/uploads\/2014\/10\/Map-deu-300x290.jpg","type":"","width":"","height":""}],"twitter_card":"summary_large_image","twitter_misc":{"Estimeret l\u00e6setid":"1 minut"},"schema":{"@context":"https:\/\/schema.org","@graph":[{"@type":"WebPage","@id":"https:\/\/jaguar-yacht.de\/","url":"https:\/\/jaguar-yacht.de\/","name":"Jaguar 25 Segel Yacht - Logbuch","isPartOf":{"@id":"https:\/\/jaguar-yacht.de\/#website"},"primaryImageOfPage":{"@id":"https:\/\/jaguar-yacht.de\/#primaryimage"},"image":{"@id":"https:\/\/jaguar-yacht.de\/#primaryimage"},"thumbnailUrl":"https:\/\/jaguar-yacht.de\/wp-content\/uploads\/2014\/10\/Map-deu-300x290.jpg","datePublished":"2011-06-08T09:15:52+00:00","dateModified":"2019-06-04T07:18:03+00:00","description":"Wer Lust hat sich \u00fcber eine Jaguar 25 und eines der sch\u00f6nsten Segelreviere in Nordeuropa zu informieren, ist hier genau richtig. Da die Jaguar eine englische Yacht","breadcrumb":{"@id":"https:\/\/jaguar-yacht.de\/#breadcrumb"},"inLanguage":"da-DK","potentialAction":[{"@type":"ReadAction","target":["https:\/\/jaguar-yacht.de\/"]}]},{"@type":"ImageObject","inLanguage":"da-DK","@id":"https:\/\/jaguar-yacht.de\/#primaryimage","url":"https:\/\/jaguar-yacht.de\/wp-content\/uploads\/2014\/10\/Map-deu-300x290.jpg","contentUrl":"https:\/\/jaguar-yacht.de\/wp-content\/uploads\/2014\/10\/Map-deu-300x290.jpg"},{"@type":"BreadcrumbList","@id":"https:\/\/jaguar-yacht.de\/#breadcrumb","itemListElement":[{"@type":"ListItem","position":1,"name":"Startseite","item":"https:\/\/jaguar-yacht.de\/"},{"@type":"ListItem","position":2,"name":"Hallo Segler"}]},{"@type":"WebSite","@id":"https:\/\/jaguar-yacht.de\/#website","url":"https:\/\/jaguar-yacht.de\/","name":"Jaguar 25","description":"Schiffe die hinter dem Horizont verschwinden sind nicht weg - man sieht sie nur nicht mehr.","publisher":{"@id":"https:\/\/jaguar-yacht.de\/#\/schema\/person\/373dddb1a7003b67a1230f5b6479b3df"},"potentialAction":[{"@type":"SearchAction","target":{"@type":"EntryPoint","urlTemplate":"https:\/\/jaguar-yacht.de\/?s={search_term_string}"},"query-input":{"@type":"PropertyValueSpecification","valueRequired":true,"valueName":"search_term_string"}}],"inLanguage":"da-DK"},{"@type":["Person","Organization"],"@id":"https:\/\/jaguar-yacht.de\/#\/schema\/person\/373dddb1a7003b67a1230f5b6479b3df","name":"Olaf","image":{"@type":"ImageObject","inLanguage":"da-DK","@id":"https:\/\/jaguar-yacht.de\/#\/schema\/person\/image\/","url":"https:\/\/jaguar-yacht.de\/wp-content\/uploads\/2019\/06\/jaguar-blau-200.png","contentUrl":"https:\/\/jaguar-yacht.de\/wp-content\/uploads\/2019\/06\/jaguar-blau-200.png","width":200,"height":45,"caption":"Olaf"},"logo":{"@id":"https:\/\/jaguar-yacht.de\/#\/schema\/person\/image\/"}}]}},"_links":{"self":[{"href":"https:\/\/jaguar-yacht.de\/da\/wp-json\/wp\/v2\/pages\/110","targetHints":{"allow":["GET"]}}],"collection":[{"href":"https:\/\/jaguar-yacht.de\/da\/wp-json\/wp\/v2\/pages"}],"about":[{"href":"https:\/\/jaguar-yacht.de\/da\/wp-json\/wp\/v2\/types\/page"}],"author":[{"embeddable":true,"href":"https:\/\/jaguar-yacht.de\/da\/wp-json\/wp\/v2\/users\/1"}],"replies":[{"embeddable":true,"href":"https:\/\/jaguar-yacht.de\/da\/wp-json\/wp\/v2\/comments?post=110"}],"version-history":[{"count":29,"href":"https:\/\/jaguar-yacht.de\/da\/wp-json\/wp\/v2\/pages\/110\/revisions"}],"predecessor-version":[{"id":1931,"href":"https:\/\/jaguar-yacht.de\/da\/wp-json\/wp\/v2\/pages\/110\/revisions\/1931"}],"wp:attachment":[{"href":"https:\/\/jaguar-yacht.de\/da\/wp-json\/wp\/v2\/media?parent=110"}],"curies":[{"name":"wp","href":"https:\/\/api.w.org\/{rel}","templated":true}]}}