{"id":1647,"date":"2017-12-22T16:44:42","date_gmt":"2017-12-22T14:44:42","guid":{"rendered":"https:\/\/jaguar-yacht.de\/?page_id=1647"},"modified":"2019-05-27T12:24:58","modified_gmt":"2019-05-27T10:24:58","slug":"fuchurs-geschichte","status":"publish","type":"page","link":"https:\/\/jaguar-yacht.de\/da\/die-yacht\/fuchurs-geschichte\/","title":{"rendered":"Fuchur\u00b4s historie"},"content":{"rendered":"<p><\/p>\n<p>P\u00e5 et tidspunkt fik jeg lyst til at finde ud af, hvem der ejede b\u00e5den inden mig, hvor den har v\u00e6ret f\u00f8r, og hvad der skete med b\u00e5den, inden det blev min. Selvf\u00f8lgelig var begyndelsen meget nemt, da jeg k\u00f8bte Fuchur fra min storebror Cay-Erik. Den 01.09.2003 k\u00f8bte jeg b\u00e5den til en pris p\u00e5 8.000, &#8211; \u20ac og en brugt Sony-laptop. Men lad os starte der, hvor b\u00e5den s\u00e5 livets lys. Yachten blev bygget i 1975 p\u00e5 et yachtv\u00e6rft i Themsen i England. Og ikke kun den &#8211; nej &#8211; to af dem blev bygget p\u00e5 en gang. Generalagenturen for Jagaur-b\u00e5de var dengang i Osnabr\u00fcck. Her k\u00f8bte hr. G\u00fcnter M\u00e4hlmann begge skibe for at bruge dem som charterb\u00e5de. Den ene fik navn Kestrel og s\u00f8sterskibet Foka. Da hr. M\u00e4hlmann ikke kun sejler, men ogs\u00e5 dyrkede modelflyvning, kaldte han b\u00e5dene efter sine to modelflyvere. Foka l\u00e5 indtil begyndelsen af \u200b\u200b2015 i Schausende og havde til sidst navent \u200b\u200b4-Fun. I dag sejler hun p\u00e5 Slien i Kappeln og hedder Maus. <img loading=\"lazy\" decoding=\"async\" class=\"alignleft size-full wp-image-1655\" src=\"\/\/jaguar-yacht.de\/wp-content\/uploads\/2017\/12\/4Fun.jpg\" alt=\"\" width=\"290\" height=\"425\" srcset=\"https:\/\/jaguar-yacht.de\/wp-content\/uploads\/2017\/12\/4Fun.jpg 290w, https:\/\/jaguar-yacht.de\/wp-content\/uploads\/2017\/12\/4Fun-205x300.jpg 205w\" sizes=\"auto, (max-width: 290px) 100vw, 290px\" \/> F\u00f8r b\u00e5dene blev taget i brug son charterb\u00e5de, har M\u00e4hlmann monteret motorer fra Volvo\/Honda.<\/p>\n<p>&nbsp;<\/p>\n<p>&nbsp;<\/p>\n<p>&nbsp;<\/p>\n<p>&nbsp;<\/p>\n<p>&nbsp;<\/p>\n<p>&nbsp;<\/p>\n<p>&nbsp;<\/p>\n<p>&nbsp;<\/p>\n<p>1. ejer: G\u00fcnter M\u00e4hlmann, Laatzen<br \/>\n Navn: Kestrel<br \/>\n Hjemmehavn: Schausende<br \/>\n Farve: Orange<br \/>\n K\u00f8bspris: 9075,- Eng. Pund (Kurs 1975: 1\/5,4514 = 49471,45 DM eller ca. 24735,- \u20ac eller ca. 184186,- Kr.<\/p>\n<p>2. ejer: Rudolf Ingermann, Flensburg\/Harrislee<br \/>\n Navn: Bianca Hjemmehavn:<br \/>\n Flensburg\/Wassersleben<br \/>\n Farve: R\u00f8d<br \/>\n Salgspris: 24.000,- DM eller ca. 90000,- Kr<\/p>\n<p>3. ejer:<br \/>\n Kay Hansen, S\u00f6nneb\u00fcll<br \/>\n Navn: Walli<br \/>\n Farve: R\u00f8d<br \/>\n Fra ?? til 07.11.1997<br \/>\n Salgspris: 15.500,- DM eller 58125,- Kr<\/p>\n<p>4. ejer:<br \/>\n Cay-Erik Geipel, Achtrup<br \/>\n Navn: Fuchur<br \/>\n Farve: Hvid<br \/>\n Fra 07.11.1997 til 31.08.2003<br \/>\n Salgspris: 8.000,- \u20ac eller 60000,- Kr<\/p>\n<p>5. ejer:<br \/>\n Olaf Geipel, Flensburg<br \/>\n Navn: Fuchur<br \/>\n Farve: British Racing Green<br \/>\n Fra 01.09.2003 &#8211; i dag<br \/>\n Ikke til salg<\/p>\n<p><\/p>","protected":false},"excerpt":{"rendered":"<p>P\u00e5 et tidspunkt fik jeg lyst til at finde ud af, hvem der ejede b\u00e5den inden mig, hvor den har v\u00e6ret f\u00f8r, og hvad der skete med b\u00e5den, inden det blev min. Selvf\u00f8lgelig var begyndelsen meget nemt, da jeg k\u00f8bte Fuchur fra min storebror Cay-Erik. Den 01.09.2003 k\u00f8bte jeg b\u00e5den [&hellip;]<\/p>\n","protected":false},"author":1,"featured_media":0,"parent":47,"menu_order":4,"comment_status":"open","ping_status":"closed","template":"","meta":{"ngg_post_thumbnail":0,"footnotes":""},"class_list":["post-1647","page","type-page","status-publish","hentry"],"yoast_head":"<!-- This site is optimized with the Yoast SEO plugin v26.7 - https:\/\/yoast.com\/wordpress\/plugins\/seo\/ -->\n<title>Fuchur\u00b4s historie - Jaguar 25<\/title>\n<meta name=\"robots\" content=\"index, follow, max-snippet:-1, max-image-preview:large, max-video-preview:-1\" \/>\n<link rel=\"canonical\" href=\"https:\/\/jaguar-yacht.de\/en\/die-yacht\/fuchurs-geschichte\/\" \/>\n<meta property=\"og:locale\" content=\"da_DK\" \/>\n<meta property=\"og:type\" content=\"article\" \/>\n<meta property=\"og:title\" content=\"Fuchur\u00b4s historie - Jaguar 25\" \/>\n<meta property=\"og:description\" content=\"P\u00e5 et tidspunkt fik jeg lyst til at finde ud af, hvem der ejede b\u00e5den inden mig, hvor den har v\u00e6ret f\u00f8r, og hvad der skete med b\u00e5den, inden det blev min. Selvf\u00f8lgelig var begyndelsen meget nemt, da jeg k\u00f8bte Fuchur fra min storebror Cay-Erik. Den 01.09.2003 k\u00f8bte jeg b\u00e5den [&hellip;]\" \/>\n<meta property=\"og:url\" content=\"https:\/\/jaguar-yacht.de\/en\/die-yacht\/fuchurs-geschichte\/\" \/>\n<meta property=\"og:site_name\" content=\"Jaguar 25\" \/>\n<meta property=\"article:modified_time\" content=\"2019-05-27T10:24:58+00:00\" \/>\n<meta name=\"twitter:card\" content=\"summary_large_image\" \/>\n<meta name=\"twitter:label1\" content=\"Estimeret l\u00e6setid\" \/>\n\t<meta name=\"twitter:data1\" content=\"5 minutter\" \/>\n<script type=\"application\/ld+json\" class=\"yoast-schema-graph\">{\"@context\":\"https:\/\/schema.org\",\"@graph\":[{\"@type\":\"WebPage\",\"@id\":\"https:\/\/jaguar-yacht.de\/en\/die-yacht\/fuchurs-geschichte\/\",\"url\":\"https:\/\/jaguar-yacht.de\/en\/die-yacht\/fuchurs-geschichte\/\",\"name\":\"Fuchur\u00b4s historie - Jaguar 25\",\"isPartOf\":{\"@id\":\"https:\/\/jaguar-yacht.de\/#website\"},\"datePublished\":\"2017-12-22T14:44:42+00:00\",\"dateModified\":\"2019-05-27T10:24:58+00:00\",\"breadcrumb\":{\"@id\":\"https:\/\/jaguar-yacht.de\/en\/die-yacht\/fuchurs-geschichte\/#breadcrumb\"},\"inLanguage\":\"da-DK\",\"potentialAction\":[{\"@type\":\"ReadAction\",\"target\":[\"https:\/\/jaguar-yacht.de\/en\/die-yacht\/fuchurs-geschichte\/\"]}]},{\"@type\":\"BreadcrumbList\",\"@id\":\"https:\/\/jaguar-yacht.de\/en\/die-yacht\/fuchurs-geschichte\/#breadcrumb\",\"itemListElement\":[{\"@type\":\"ListItem\",\"position\":1,\"name\":\"Startseite\",\"item\":\"https:\/\/jaguar-yacht.de\/\"},{\"@type\":\"ListItem\",\"position\":2,\"name\":\"Die Yacht\",\"item\":\"https:\/\/jaguar-yacht.de\/die-yacht\/\"},{\"@type\":\"ListItem\",\"position\":3,\"name\":\"Previous owners\"}]},{\"@type\":\"WebSite\",\"@id\":\"https:\/\/jaguar-yacht.de\/#website\",\"url\":\"https:\/\/jaguar-yacht.de\/\",\"name\":\"Jaguar 25\",\"description\":\"Schiffe die hinter dem Horizont verschwinden sind nicht weg - man sieht sie nur nicht mehr.\",\"publisher\":{\"@id\":\"https:\/\/jaguar-yacht.de\/#\/schema\/person\/373dddb1a7003b67a1230f5b6479b3df\"},\"potentialAction\":[{\"@type\":\"SearchAction\",\"target\":{\"@type\":\"EntryPoint\",\"urlTemplate\":\"https:\/\/jaguar-yacht.de\/?s={search_term_string}\"},\"query-input\":{\"@type\":\"PropertyValueSpecification\",\"valueRequired\":true,\"valueName\":\"search_term_string\"}}],\"inLanguage\":\"da-DK\"},{\"@type\":[\"Person\",\"Organization\"],\"@id\":\"https:\/\/jaguar-yacht.de\/#\/schema\/person\/373dddb1a7003b67a1230f5b6479b3df\",\"name\":\"Olaf\",\"image\":{\"@type\":\"ImageObject\",\"inLanguage\":\"da-DK\",\"@id\":\"https:\/\/jaguar-yacht.de\/#\/schema\/person\/image\/\",\"url\":\"https:\/\/jaguar-yacht.de\/wp-content\/uploads\/2019\/06\/jaguar-blau-200.png\",\"contentUrl\":\"https:\/\/jaguar-yacht.de\/wp-content\/uploads\/2019\/06\/jaguar-blau-200.png\",\"width\":200,\"height\":45,\"caption\":\"Olaf\"},\"logo\":{\"@id\":\"https:\/\/jaguar-yacht.de\/#\/schema\/person\/image\/\"}}]}<\/script>\n<!-- \/ Yoast SEO plugin. -->","yoast_head_json":{"title":"Fuchur\u00b4s historie - Jaguar 25","robots":{"index":"index","follow":"follow","max-snippet":"max-snippet:-1","max-image-preview":"max-image-preview:large","max-video-preview":"max-video-preview:-1"},"canonical":"https:\/\/jaguar-yacht.de\/en\/die-yacht\/fuchurs-geschichte\/","og_locale":"da_DK","og_type":"article","og_title":"Fuchur\u00b4s historie - Jaguar 25","og_description":"P\u00e5 et tidspunkt fik jeg lyst til at finde ud af, hvem der ejede b\u00e5den inden mig, hvor den har v\u00e6ret f\u00f8r, og hvad der skete med b\u00e5den, inden det blev min. Selvf\u00f8lgelig var begyndelsen meget nemt, da jeg k\u00f8bte Fuchur fra min storebror Cay-Erik. Den 01.09.2003 k\u00f8bte jeg b\u00e5den [&hellip;]","og_url":"https:\/\/jaguar-yacht.de\/en\/die-yacht\/fuchurs-geschichte\/","og_site_name":"Jaguar 25","article_modified_time":"2019-05-27T10:24:58+00:00","twitter_card":"summary_large_image","twitter_misc":{"Estimeret l\u00e6setid":"5 minutter"},"schema":{"@context":"https:\/\/schema.org","@graph":[{"@type":"WebPage","@id":"https:\/\/jaguar-yacht.de\/en\/die-yacht\/fuchurs-geschichte\/","url":"https:\/\/jaguar-yacht.de\/en\/die-yacht\/fuchurs-geschichte\/","name":"Fuchur\u00b4s historie - Jaguar 25","isPartOf":{"@id":"https:\/\/jaguar-yacht.de\/#website"},"datePublished":"2017-12-22T14:44:42+00:00","dateModified":"2019-05-27T10:24:58+00:00","breadcrumb":{"@id":"https:\/\/jaguar-yacht.de\/en\/die-yacht\/fuchurs-geschichte\/#breadcrumb"},"inLanguage":"da-DK","potentialAction":[{"@type":"ReadAction","target":["https:\/\/jaguar-yacht.de\/en\/die-yacht\/fuchurs-geschichte\/"]}]},{"@type":"BreadcrumbList","@id":"https:\/\/jaguar-yacht.de\/en\/die-yacht\/fuchurs-geschichte\/#breadcrumb","itemListElement":[{"@type":"ListItem","position":1,"name":"Startseite","item":"https:\/\/jaguar-yacht.de\/"},{"@type":"ListItem","position":2,"name":"Die Yacht","item":"https:\/\/jaguar-yacht.de\/die-yacht\/"},{"@type":"ListItem","position":3,"name":"Previous owners"}]},{"@type":"WebSite","@id":"https:\/\/jaguar-yacht.de\/#website","url":"https:\/\/jaguar-yacht.de\/","name":"Jaguar 25","description":"Schiffe die hinter dem Horizont verschwinden sind nicht weg - man sieht sie nur nicht mehr.","publisher":{"@id":"https:\/\/jaguar-yacht.de\/#\/schema\/person\/373dddb1a7003b67a1230f5b6479b3df"},"potentialAction":[{"@type":"SearchAction","target":{"@type":"EntryPoint","urlTemplate":"https:\/\/jaguar-yacht.de\/?s={search_term_string}"},"query-input":{"@type":"PropertyValueSpecification","valueRequired":true,"valueName":"search_term_string"}}],"inLanguage":"da-DK"},{"@type":["Person","Organization"],"@id":"https:\/\/jaguar-yacht.de\/#\/schema\/person\/373dddb1a7003b67a1230f5b6479b3df","name":"Olaf","image":{"@type":"ImageObject","inLanguage":"da-DK","@id":"https:\/\/jaguar-yacht.de\/#\/schema\/person\/image\/","url":"https:\/\/jaguar-yacht.de\/wp-content\/uploads\/2019\/06\/jaguar-blau-200.png","contentUrl":"https:\/\/jaguar-yacht.de\/wp-content\/uploads\/2019\/06\/jaguar-blau-200.png","width":200,"height":45,"caption":"Olaf"},"logo":{"@id":"https:\/\/jaguar-yacht.de\/#\/schema\/person\/image\/"}}]}},"_links":{"self":[{"href":"https:\/\/jaguar-yacht.de\/da\/wp-json\/wp\/v2\/pages\/1647","targetHints":{"allow":["GET"]}}],"collection":[{"href":"https:\/\/jaguar-yacht.de\/da\/wp-json\/wp\/v2\/pages"}],"about":[{"href":"https:\/\/jaguar-yacht.de\/da\/wp-json\/wp\/v2\/types\/page"}],"author":[{"embeddable":true,"href":"https:\/\/jaguar-yacht.de\/da\/wp-json\/wp\/v2\/users\/1"}],"replies":[{"embeddable":true,"href":"https:\/\/jaguar-yacht.de\/da\/wp-json\/wp\/v2\/comments?post=1647"}],"version-history":[{"count":11,"href":"https:\/\/jaguar-yacht.de\/da\/wp-json\/wp\/v2\/pages\/1647\/revisions"}],"predecessor-version":[{"id":1789,"href":"https:\/\/jaguar-yacht.de\/da\/wp-json\/wp\/v2\/pages\/1647\/revisions\/1789"}],"up":[{"embeddable":true,"href":"https:\/\/jaguar-yacht.de\/da\/wp-json\/wp\/v2\/pages\/47"}],"wp:attachment":[{"href":"https:\/\/jaguar-yacht.de\/da\/wp-json\/wp\/v2\/media?parent=1647"}],"curies":[{"name":"wp","href":"https:\/\/api.w.org\/{rel}","templated":true}]}}