{"id":4,"date":"2011-06-06T17:19:15","date_gmt":"2011-06-06T17:19:15","guid":{"rendered":"http:\/\/jaguar-yacht.de\/?page_id=4"},"modified":"2011-09-20T13:04:32","modified_gmt":"2011-09-20T13:04:32","slug":"flensburger-forde","status":"publish","type":"page","link":"https:\/\/jaguar-yacht.de\/da\/beispiel-seite\/flensburger-forde\/","title":{"rendered":"Flensborg fjord"},"content":{"rendered":"<p><img loading=\"lazy\" decoding=\"async\" class=\"size-full wp-image-92 alignleft\" title=\"Tonne 12\" src=\"https:\/\/jaguar-yacht.de\/wp-content\/uploads\/2011\/06\/Tonne-12.jpg\" alt=\"\" width=\"220\" height=\"303\" srcset=\"https:\/\/jaguar-yacht.de\/wp-content\/uploads\/2011\/06\/Tonne-12.jpg 220w, https:\/\/jaguar-yacht.de\/wp-content\/uploads\/2011\/06\/Tonne-12-217x300.jpg 217w\" sizes=\"auto, (max-width: 220px) 100vw, 220px\" \/><\/p>\n<div id=\"gt-res-wrap\">\n<div id=\"gt-res-content\">\n<div dir=\"ltr\">\n<p>Flensborg Fjord er et af de flotteste sejlomr\u00e5der i Tyskland.\u00a0Fra havnespidsen i Flensborg havn til b\u00f8jen i den ydre fjord, er der masser af interessante ting at se.<\/p>\n<p>Jeg vil starte denne virtuelle tur i Flensborg havn.<br \/>\nI den indre havn ligger Bellevue restaurant, der byder sine g\u00e6ster en stor terrasse over vandet.\u00a0P\u00e5 bagbord side ligger de f\u00f8rste udflugtsdampere.\u00a0Her har ogs\u00e5 Alexandra sin faste fort\u00f8jning.\u00a0Som det n\u00e6ste g\u00e5r det forbi den historiske havn.\u00a0Her ligger mange\u00a0traditionelle sejlskibe\u00a0og \u00a0gamle b\u00e5de der n\u00e6nsomt bliver restaureret i det lille tilh\u00f8rende v\u00e6rft.<br \/>\nOverfor den historiske havn, kan s\u00f8folkene chartre et skib til ferierne.\u00a0Et lille stykke l\u00e6ngere henne er de h\u00f8je siloer.\u00a0Her er der ofte mindre fragtskibe, der losser deres fragt.<br \/>\nTilbage p\u00e5 bagbord side er marinaen Galwik og butikken der handler med &#8220;s\u00f8mandsguld&#8221; Niro Petersen.\u00a0Derefter g\u00e5r det forbi Flensborgs offentlige forsyningsselskab. Her ligger altid en uendelig m\u00e6ngde af kul, der forsyner anl\u00e6gget med energi.<br \/>\nS\u00e5 g\u00e5r det forbi Flensborg V\u00e6rft.\u00a0Siden 1872 er der k\u00f8llagt mange forskellige skibe.\u00a0Det f\u00f8rste skib var Doris Brodersen, et fuldskib af st\u00e5l.\u00a0I dag er v\u00e6rftet kendt for den h\u00f8je kvalitet af skibene.<br \/>\nP\u00e5 styrbord side ligger den nye marina Sonvik.\u00a0P\u00e5 molen kan\u00a0 de velbesl\u00e5ede k\u00f8be en farvet boligblok.\u00a0Med egen bro i &#8220;haven&#8221; og b\u00e5dehuset under huset &#8211; hvis man har brug for det &#8211; ellers tak! Typisk marina atmosf\u00e6re!<br \/>\nLidt l\u00e6ngere henne er Marineschule M\u00fcrwik.\u00a0En imponerende bygning, som med sit h\u00f8je t\u00e5rn kan ses langvejs fra.\u00a0Fra land ser man ikke meget af skolen.\u00a0Men fra vandet &#8230;..\u00a0Her\u00a0endte\u00a0i \u00f8vrigt anden verdenskrig den 7. Maj 1945 .<\/p>\n<p>Nu kommer b\u00f8je 14 i syne.\u00a0Vi har forladt havnen i Flensborg og sejler ud i fjorden. Langt til styrbord ligger Flensborg Wassersleben (sostien).\u00a0Her udmunder Krus\u00e5 &#8211; en dansk-tysk gr\u00e6nseflod nord for Flensborg. Der er mange kilder p\u00e5 begge sider af gr\u00e6nsen, der l\u00f8ber sammen gennem en dyb dal, s\u00f8er, moser, enge og skove som s\u00e5 udmunder i Flensborg Fjord. Wassersleben er ogs\u00e5 en popul\u00e6r strand for Flensborgs og Danmarks badeg\u00e6ster.\u00a0Herfra ligger Danmark p\u00e5 bagbords side og Tyskland p\u00e5 styrbord. Krydser man nu ud af fjorden, kan man lige s\u00e5 godt lade g\u00e6steflaget v\u00e6re oppe!<\/p>\n<p>P\u00e5 styrbord side er hjemhavnen Fahrensodde.\u00a0Her er ogs\u00e5 et popul\u00e6rt sted for surfing og kiting.\u00a0En lille sandstrand byder p\u00e5 ideelle betingelser.<\/p>\n<p>P\u00e5 den danske side af fjorden, kan du se hotel &#8220;Fakkelg\u00e5rden&#8221;.\u00a0En gourmetrestaurant p\u00e5 h\u00f8jeste niveau, og samtidig et eksklusivt golf hotel.<\/p>\n<p>Tilbage p\u00e5 den tyske side, passerer vi nu Lyksborg. Den store lystb\u00e5dehavn kan ses allerede p\u00e5 lang afstand.\u00a0Til venstre for stranden er den lille kurby med mange hoteller.\u00a0En gang om \u00e5ret er der et stort fyrv\u00e6rkeri med musik p\u00e5 en ponton ude i vandet.\u00a0S\u00e5 samler der sig ikke kun g\u00e6ster p\u00e5 land, men ogs\u00e5 hundredvis af b\u00e5de i den lille bugt ud foran Lyksborg til denne specielle begivenhed.<\/p>\n<p>P\u00e5 bagbord side, g\u00e5r det nu forbi Okse\u00f8erne.\u00a0Disse \u00f8er, s\u00e5dan siger sagnet, opstod fordi en k\u00e6mpe ville springe fra Danmark til Tyskland. Ved fors\u00f8get, faldt to klumper ler af k\u00e6mpens st\u00f8vler og landede i fjorden.\u00a0Disse to klumper ler blev til Okse\u00f8erne.\u00a0En lille og en stor \u00f8.<br \/>\nDen lille \u00f8 er ubeboet og st\u00e6rkt tilgroet.\u00a0I fortiden, har \u00f8en skiftet ejer flere gange.\u00a0Den tilh\u00f8rte en advokat og notar fra Flensborg, der brugte \u00f8en som sommerresidens.\u00a0Han anlagde en park og stier og satte skulpturer fra antikken op for at g\u00f8re sit liv smukkere.\u00a0Senere tilh\u00f8rte \u00f8en en l\u00e6rerforening fra K\u00f8benhavn, der byggede en lejrskole p\u00e5 \u00f8en.<br \/>\nDen store \u00f8 blev brugt til landbrug og fiskeri.\u00a0Senere var der endda et lille v\u00e6rft p\u00e5 \u00f8en.\u00a0Efter en stormflod i 1872 hat ogs\u00e5 denne \u00f8 skiftet ejere flere gange.\u00a0I dag er  7,5 hektar opdyrket til landbrug igen.\u00a0Der er en campingplads, en restaurant og ogs\u00e5 b\u00e5debyggeri finder sted igen. Man kommer til \u00f8en med en lille f\u00e6rge der l\u00e6gger til i S\u00f8nderhav f\u00e5 skridt fra Danmarks bedste p\u00f8lsevogn.<\/p>\n<p>P\u00e5 de n\u00e6ste to s\u00f8mil langs den danske kyst findes der et par bugter hvor man ligger godt for anker. Det rolige og maleriske landskab garanterer for ren afslapning!<br \/>\nOverfor, p\u00e5 den tyske side af fjorden, ligger Schausende. Schausende er en lille kunstigt anlagt havn fra midten af \u200b\u200b70&#8217;erne . Man\u00a0ankommer\u00a0til den smukke havn gennem en smal sejlrende. Her f\u00e5r du alt hvad sejlerhjertet beg\u00e6rer -om onsdagen s\u00e5m\u00e6nd endda et shanty kor!<\/p>\n<p>Forbi b\u00f8je 12, g\u00e5r det gennem Holnisstr\u00e6det. Naturparken Holnis blev bes\u00f8gt\u00a0 af forfatteren Fontane. Her finder du ogs\u00e5 en s\u00f8mands- og soldatergrav.<br \/>\nP\u00e5 den danske side ser vi nu Egernsund. Klapbroen baner vejen til Gr\u00e5sten, den  danske kongefamilie sommerresidens, og Nyb\u00f8l Nor, en sidearm af  \u200b\u200bFlensborg Fjord. Her produceres stadig store m\u00e6ngder mursten. Hvis du forts\u00e6tter p\u00e5 fjorden, sejler man videre til Marina Minde. Marina Minde er som navnet antyder, en marina. Men ikke upersonlig som de fleste marinaer, men meget hyggelig. Hos havnemesteren kan man bestille rundstykker og k\u00f8be alle former for mad. De sanit\u00e6re faciliteter er langt over gennemsnittet. En lille restaurant, som har skiftet ejer flere gange (senest var det en gr\u00e6sk restaurant) er ogs\u00e5 til stede i havnen.<\/p>\n<p>Nu passerer man en speciel b\u00f8je. B\u00f8je 6, bedre kendt under navnet &#8220;svigermor&#8221;, blev udskiftet for et par \u00e5r siden. Tidligere var det en flydende b\u00f8je, i dag er det et fast s\u00f8tegn. Dette b\u00f8r ikke afkortes, fordi det er meget lavvandet her. M\u00e5gerne som sv\u00f8mmer der, sv\u00f8mmer ikke, de st\u00e5r p\u00e5 bunden af fjorden!<br \/>\nEfter at have rundet b\u00f8jen, kommer Bockholmwik, og til venstre derfra Langballigau i sigte. Om Bockholmwik er der efter min mening intet at sige. Den enester gang jeg var der, blev jeg uden grund modtaget meget uvenligt. Gudskelov findes der andre havne. Konklusion: \u00c9n gang og ALDRIG mere!<br \/>\nLangballigau derimod er en rigtig hyggelig havn. I havnel\u00f8bet ligger udflugtsdamperen, p\u00e5 promenaden kan du sidde udenfor med en  kold \u00f8l, og s\u00e5 er der en meget god fiske restaurant (personlig  anbefaling: r\u00f8dsp\u00e6tte), hvor du kan sidde udenfor p\u00e5 en stor terrasse og  se ud over fjorden og havnen. Her ligger sm\u00e5 fiskerb\u00e5de, hvor fangsten bliver solgt direkte fra kutteren. Alt i alt en rigtig hyggelig oase.<\/p>\n<p>P\u00e5 den sidste del af Flensborg Fjord skal man nyde den smukke natur. Danmark eller Tyskland, begge sider af fjorden er enest\u00e5ende smukke. Her slutter den virtuelle tur fra Flensborg til den ydre Flensborg Fjord. Jeg h\u00e5ber, at den ene eller den anden har f\u00e5et lyst til at bes\u00f8ge min favorit, Flensborg Fjord.<\/p>\n<\/div>\n<\/div>\n<\/div>\n<p><\/p>","protected":false},"excerpt":{"rendered":"<p>Flensborg Fjord er et af de flotteste sejlomr\u00e5der i Tyskland.\u00a0Fra havnespidsen i Flensborg havn til b\u00f8jen i den ydre fjord, er der masser af interessante ting at se. Jeg vil starte denne virtuelle tur i Flensborg havn. I den indre havn ligger Bellevue restaurant, der byder sine g\u00e6ster en stor [&hellip;]<\/p>\n","protected":false},"author":1,"featured_media":0,"parent":2,"menu_order":2,"comment_status":"closed","ping_status":"closed","template":"","meta":{"ngg_post_thumbnail":0,"footnotes":""},"class_list":["post-4","page","type-page","status-publish","hentry"],"yoast_head":"<!-- This site is optimized with the Yoast SEO plugin v26.7 - https:\/\/yoast.com\/wordpress\/plugins\/seo\/ -->\n<title>Flensborg fjord - Jaguar 25<\/title>\n<meta name=\"robots\" content=\"index, follow, max-snippet:-1, max-image-preview:large, max-video-preview:-1\" \/>\n<link rel=\"canonical\" href=\"https:\/\/jaguar-yacht.de\/beispiel-seite\/flensburger-forde\/\" \/>\n<meta property=\"og:locale\" content=\"da_DK\" \/>\n<meta property=\"og:type\" content=\"article\" \/>\n<meta property=\"og:title\" content=\"Flensborg fjord - Jaguar 25\" \/>\n<meta property=\"og:description\" content=\"Flensborg Fjord er et af de flotteste sejlomr\u00e5der i Tyskland.\u00a0Fra havnespidsen i Flensborg havn til b\u00f8jen i den ydre fjord, er der masser af interessante ting at se. Jeg vil starte denne virtuelle tur i Flensborg havn. I den indre havn ligger Bellevue restaurant, der byder sine g\u00e6ster en stor [&hellip;]\" \/>\n<meta property=\"og:url\" content=\"https:\/\/jaguar-yacht.de\/beispiel-seite\/flensburger-forde\/\" \/>\n<meta property=\"og:site_name\" content=\"Jaguar 25\" \/>\n<meta property=\"article:modified_time\" content=\"2011-09-20T13:04:32+00:00\" \/>\n<meta property=\"og:image\" content=\"https:\/\/jaguar-yacht.de\/wp-content\/uploads\/2011\/06\/DSC03822.jpg\" \/>\n\t<meta property=\"og:image:width\" content=\"1024\" \/>\n\t<meta property=\"og:image:height\" content=\"537\" \/>\n\t<meta property=\"og:image:type\" content=\"image\/jpeg\" \/>\n<meta name=\"twitter:card\" content=\"summary_large_image\" \/>\n<meta name=\"twitter:label1\" content=\"Estimeret l\u00e6setid\" \/>\n\t<meta name=\"twitter:data1\" content=\"18 minutter\" \/>\n<script type=\"application\/ld+json\" class=\"yoast-schema-graph\">{\"@context\":\"https:\/\/schema.org\",\"@graph\":[{\"@type\":\"WebPage\",\"@id\":\"https:\/\/jaguar-yacht.de\/beispiel-seite\/flensburger-forde\/\",\"url\":\"https:\/\/jaguar-yacht.de\/beispiel-seite\/flensburger-forde\/\",\"name\":\"Flensborg fjord - Jaguar 25\",\"isPartOf\":{\"@id\":\"https:\/\/jaguar-yacht.de\/#website\"},\"primaryImageOfPage\":{\"@id\":\"https:\/\/jaguar-yacht.de\/beispiel-seite\/flensburger-forde\/#primaryimage\"},\"image\":{\"@id\":\"https:\/\/jaguar-yacht.de\/beispiel-seite\/flensburger-forde\/#primaryimage\"},\"thumbnailUrl\":\"https:\/\/jaguar-yacht.de\/wp-content\/uploads\/2011\/06\/DSC03822-300x157.jpg\",\"datePublished\":\"2011-06-06T17:19:15+00:00\",\"dateModified\":\"2011-09-20T13:04:32+00:00\",\"breadcrumb\":{\"@id\":\"https:\/\/jaguar-yacht.de\/beispiel-seite\/flensburger-forde\/#breadcrumb\"},\"inLanguage\":\"da-DK\",\"potentialAction\":[{\"@type\":\"ReadAction\",\"target\":[\"https:\/\/jaguar-yacht.de\/beispiel-seite\/flensburger-forde\/\"]}]},{\"@type\":\"ImageObject\",\"inLanguage\":\"da-DK\",\"@id\":\"https:\/\/jaguar-yacht.de\/beispiel-seite\/flensburger-forde\/#primaryimage\",\"url\":\"https:\/\/jaguar-yacht.de\/wp-content\/uploads\/2011\/06\/DSC03822-300x157.jpg\",\"contentUrl\":\"https:\/\/jaguar-yacht.de\/wp-content\/uploads\/2011\/06\/DSC03822-300x157.jpg\"},{\"@type\":\"BreadcrumbList\",\"@id\":\"https:\/\/jaguar-yacht.de\/beispiel-seite\/flensburger-forde\/#breadcrumb\",\"itemListElement\":[{\"@type\":\"ListItem\",\"position\":1,\"name\":\"Startseite\",\"item\":\"https:\/\/jaguar-yacht.de\/\"},{\"@type\":\"ListItem\",\"position\":2,\"name\":\"Das Revier\",\"item\":\"https:\/\/jaguar-yacht.de\/beispiel-seite\/\"},{\"@type\":\"ListItem\",\"position\":3,\"name\":\"Flensburger F\u00f6rde\"}]},{\"@type\":\"WebSite\",\"@id\":\"https:\/\/jaguar-yacht.de\/#website\",\"url\":\"https:\/\/jaguar-yacht.de\/\",\"name\":\"Jaguar 25\",\"description\":\"Schiffe die hinter dem Horizont verschwinden sind nicht weg - man sieht sie nur nicht mehr.\",\"publisher\":{\"@id\":\"https:\/\/jaguar-yacht.de\/#\/schema\/person\/373dddb1a7003b67a1230f5b6479b3df\"},\"potentialAction\":[{\"@type\":\"SearchAction\",\"target\":{\"@type\":\"EntryPoint\",\"urlTemplate\":\"https:\/\/jaguar-yacht.de\/?s={search_term_string}\"},\"query-input\":{\"@type\":\"PropertyValueSpecification\",\"valueRequired\":true,\"valueName\":\"search_term_string\"}}],\"inLanguage\":\"da-DK\"},{\"@type\":[\"Person\",\"Organization\"],\"@id\":\"https:\/\/jaguar-yacht.de\/#\/schema\/person\/373dddb1a7003b67a1230f5b6479b3df\",\"name\":\"Olaf\",\"image\":{\"@type\":\"ImageObject\",\"inLanguage\":\"da-DK\",\"@id\":\"https:\/\/jaguar-yacht.de\/#\/schema\/person\/image\/\",\"url\":\"https:\/\/jaguar-yacht.de\/wp-content\/uploads\/2019\/06\/jaguar-blau-200.png\",\"contentUrl\":\"https:\/\/jaguar-yacht.de\/wp-content\/uploads\/2019\/06\/jaguar-blau-200.png\",\"width\":200,\"height\":45,\"caption\":\"Olaf\"},\"logo\":{\"@id\":\"https:\/\/jaguar-yacht.de\/#\/schema\/person\/image\/\"}}]}<\/script>\n<!-- \/ Yoast SEO plugin. -->","yoast_head_json":{"title":"Flensborg fjord - Jaguar 25","robots":{"index":"index","follow":"follow","max-snippet":"max-snippet:-1","max-image-preview":"max-image-preview:large","max-video-preview":"max-video-preview:-1"},"canonical":"https:\/\/jaguar-yacht.de\/beispiel-seite\/flensburger-forde\/","og_locale":"da_DK","og_type":"article","og_title":"Flensborg fjord - Jaguar 25","og_description":"Flensborg Fjord er et af de flotteste sejlomr\u00e5der i Tyskland.\u00a0Fra havnespidsen i Flensborg havn til b\u00f8jen i den ydre fjord, er der masser af interessante ting at se. Jeg vil starte denne virtuelle tur i Flensborg havn. I den indre havn ligger Bellevue restaurant, der byder sine g\u00e6ster en stor [&hellip;]","og_url":"https:\/\/jaguar-yacht.de\/beispiel-seite\/flensburger-forde\/","og_site_name":"Jaguar 25","article_modified_time":"2011-09-20T13:04:32+00:00","og_image":[{"width":1024,"height":537,"url":"https:\/\/jaguar-yacht.de\/wp-content\/uploads\/2011\/06\/DSC03822.jpg","type":"image\/jpeg"}],"twitter_card":"summary_large_image","twitter_misc":{"Estimeret l\u00e6setid":"18 minutter"},"schema":{"@context":"https:\/\/schema.org","@graph":[{"@type":"WebPage","@id":"https:\/\/jaguar-yacht.de\/beispiel-seite\/flensburger-forde\/","url":"https:\/\/jaguar-yacht.de\/beispiel-seite\/flensburger-forde\/","name":"Flensborg fjord - Jaguar 25","isPartOf":{"@id":"https:\/\/jaguar-yacht.de\/#website"},"primaryImageOfPage":{"@id":"https:\/\/jaguar-yacht.de\/beispiel-seite\/flensburger-forde\/#primaryimage"},"image":{"@id":"https:\/\/jaguar-yacht.de\/beispiel-seite\/flensburger-forde\/#primaryimage"},"thumbnailUrl":"https:\/\/jaguar-yacht.de\/wp-content\/uploads\/2011\/06\/DSC03822-300x157.jpg","datePublished":"2011-06-06T17:19:15+00:00","dateModified":"2011-09-20T13:04:32+00:00","breadcrumb":{"@id":"https:\/\/jaguar-yacht.de\/beispiel-seite\/flensburger-forde\/#breadcrumb"},"inLanguage":"da-DK","potentialAction":[{"@type":"ReadAction","target":["https:\/\/jaguar-yacht.de\/beispiel-seite\/flensburger-forde\/"]}]},{"@type":"ImageObject","inLanguage":"da-DK","@id":"https:\/\/jaguar-yacht.de\/beispiel-seite\/flensburger-forde\/#primaryimage","url":"https:\/\/jaguar-yacht.de\/wp-content\/uploads\/2011\/06\/DSC03822-300x157.jpg","contentUrl":"https:\/\/jaguar-yacht.de\/wp-content\/uploads\/2011\/06\/DSC03822-300x157.jpg"},{"@type":"BreadcrumbList","@id":"https:\/\/jaguar-yacht.de\/beispiel-seite\/flensburger-forde\/#breadcrumb","itemListElement":[{"@type":"ListItem","position":1,"name":"Startseite","item":"https:\/\/jaguar-yacht.de\/"},{"@type":"ListItem","position":2,"name":"Das Revier","item":"https:\/\/jaguar-yacht.de\/beispiel-seite\/"},{"@type":"ListItem","position":3,"name":"Flensburger F\u00f6rde"}]},{"@type":"WebSite","@id":"https:\/\/jaguar-yacht.de\/#website","url":"https:\/\/jaguar-yacht.de\/","name":"Jaguar 25","description":"Schiffe die hinter dem Horizont verschwinden sind nicht weg - man sieht sie nur nicht mehr.","publisher":{"@id":"https:\/\/jaguar-yacht.de\/#\/schema\/person\/373dddb1a7003b67a1230f5b6479b3df"},"potentialAction":[{"@type":"SearchAction","target":{"@type":"EntryPoint","urlTemplate":"https:\/\/jaguar-yacht.de\/?s={search_term_string}"},"query-input":{"@type":"PropertyValueSpecification","valueRequired":true,"valueName":"search_term_string"}}],"inLanguage":"da-DK"},{"@type":["Person","Organization"],"@id":"https:\/\/jaguar-yacht.de\/#\/schema\/person\/373dddb1a7003b67a1230f5b6479b3df","name":"Olaf","image":{"@type":"ImageObject","inLanguage":"da-DK","@id":"https:\/\/jaguar-yacht.de\/#\/schema\/person\/image\/","url":"https:\/\/jaguar-yacht.de\/wp-content\/uploads\/2019\/06\/jaguar-blau-200.png","contentUrl":"https:\/\/jaguar-yacht.de\/wp-content\/uploads\/2019\/06\/jaguar-blau-200.png","width":200,"height":45,"caption":"Olaf"},"logo":{"@id":"https:\/\/jaguar-yacht.de\/#\/schema\/person\/image\/"}}]}},"_links":{"self":[{"href":"https:\/\/jaguar-yacht.de\/da\/wp-json\/wp\/v2\/pages\/4","targetHints":{"allow":["GET"]}}],"collection":[{"href":"https:\/\/jaguar-yacht.de\/da\/wp-json\/wp\/v2\/pages"}],"about":[{"href":"https:\/\/jaguar-yacht.de\/da\/wp-json\/wp\/v2\/types\/page"}],"author":[{"embeddable":true,"href":"https:\/\/jaguar-yacht.de\/da\/wp-json\/wp\/v2\/users\/1"}],"replies":[{"embeddable":true,"href":"https:\/\/jaguar-yacht.de\/da\/wp-json\/wp\/v2\/comments?post=4"}],"version-history":[{"count":27,"href":"https:\/\/jaguar-yacht.de\/da\/wp-json\/wp\/v2\/pages\/4\/revisions"}],"predecessor-version":[{"id":231,"href":"https:\/\/jaguar-yacht.de\/da\/wp-json\/wp\/v2\/pages\/4\/revisions\/231"}],"up":[{"embeddable":true,"href":"https:\/\/jaguar-yacht.de\/da\/wp-json\/wp\/v2\/pages\/2"}],"wp:attachment":[{"href":"https:\/\/jaguar-yacht.de\/da\/wp-json\/wp\/v2\/media?parent=4"}],"curies":[{"name":"wp","href":"https:\/\/api.w.org\/{rel}","templated":true}]}}