{"id":64,"date":"2011-06-07T07:53:38","date_gmt":"2011-06-07T07:53:38","guid":{"rendered":"http:\/\/jaguar-yacht.de\/?page_id=64"},"modified":"2019-06-04T08:43:19","modified_gmt":"2019-06-04T06:43:19","slug":"flensborg-yacht-club","status":"publish","type":"page","link":"https:\/\/jaguar-yacht.de\/da\/beispiel-seite\/flensborg-yacht-club\/","title":{"rendered":"Flensborg Yacht Club"},"content":{"rendered":"<p><img loading=\"lazy\" decoding=\"async\" class=\"size-full wp-image-70 alignleft\" title=\"FYC-Clubhus\" src=\"https:\/\/jaguar-yacht.de\/wp-content\/uploads\/2011\/06\/FYC.jpg\" alt=\"\" width=\"319\" height=\"242\" srcset=\"https:\/\/jaguar-yacht.de\/wp-content\/uploads\/2011\/06\/FYC.jpg 500w, https:\/\/jaguar-yacht.de\/wp-content\/uploads\/2011\/06\/FYC-300x228.jpg 300w\" sizes=\"auto, (max-width: 319px) 100vw, 319px\" \/><\/p>\n<p style=\"text-align: justify;\">Flensborg Yacht Club er den eneste danske sejlclub syd for gr\u00e6nsen. Den ligger ved Ewoldtweg i bydelen M\u00fcrwik i Flensborg. Havneanl\u00e6get bliver brugt af to sejlclubber. Den tyske klub Segler-Vereinigung Flensburg e.V. og Flensborg Yacht Club (FYC).<\/p>\n<p style=\"text-align: justify;\">Allerede n\u00e5r man kommer k\u00f8rende i bil, er vejen ned til klubben noget meget specielt. Stejlt g\u00e5r det ned igennem et roligt kvarter ad Twedter Strandweg indtil man n\u00e5r frem til FYC\u00b4s store parkeringsplads.<\/p>\n<p style=\"text-align: justify;\">For det meste ligger der et par b\u00e5de i land p\u00e5 klubbens eget slipanl\u00e6g, for at f\u00e5 lavet sm\u00e5 reparationer. Ogs\u00e5 venner af klubben fra Danmark benytter sig gerne af dette tilbud.<\/p>\n<p style=\"text-align: justify;\">Bag den store b\u00e5dehal har ungdomsafdelingen sit hjem. Utallige optimistjoller ligger parat her, for at komme i vandet \u00e9n gang om ugen n\u00e5r der skal traineres.<\/p>\n<p style=\"text-align: justify;\">Vores klubhus (se billedet \u00f8verst) byder p\u00e5 alt hvad et sejlerhjerte beg\u00e6rer. Toiletter\/bad, kapsejladskontor, klublokaler og ikke mindst restauranten &#8220;Sail In&#8221;. Om man nu sidder i restauraten eller p\u00e5 den store terasse udenfor, smager den friskt tappede \u00f8l alts\u00e5 bare godt &#8211; specielt med det fantastiske blik ud over havnen og Flensborg Fjord. Selvf\u00f8lgelig findes der ogs\u00e5 en grilplads der oven i k\u00f8bet er under tag.<\/p>\n<p style=\"text-align: justify;\">Broanl\u00e6get byder en masse plads til b\u00e5dene, ikke kun til medlemmerne, men ogs\u00e5 til vore g\u00e6ster som ligger fast i havnen. Nogle af g\u00e6sterne har v\u00e6ret i havnen i s\u00e5 lang tid, at man efterh\u00e5nden slet ikke ved hvem der er g\u00e6st eller medlem. Havnen bliver gerne frekventeret af venner fra Danmark i weekenden og dem der kommer tit, er efterh\u00e5nden en del af klublivet. P\u00e5 broerne findes der i regelm\u00e6ssige afstande stationer med vand og str\u00f8m. Ligeledes finder man redningsvester og stiger i fald af at der sker uheld.<\/p>\n<p style=\"text-align: justify;\">Find flere <a href=\"https:\/\/jaguar-yacht.de\/galerie\/nggallery\/jaguar-yacht\/flensborg-yacht-club\/\">billeder<\/a> i galleriet.<\/p>\n<p><iframe loading=\"lazy\" width=\"420\" height=\"315\" src=\"\/\/www.youtube.com\/embed\/ED_6fLB7Tp0\" frameborder=\"0\" allowfullscreen><\/iframe><\/p>\n<p><\/p>","protected":false},"excerpt":{"rendered":"<p>Flensborg Yacht Club er den eneste danske sejlclub syd for gr\u00e6nsen. Den ligger ved Ewoldtweg i bydelen M\u00fcrwik i Flensborg. Havneanl\u00e6get bliver brugt af to sejlclubber. Den tyske klub Segler-Vereinigung Flensburg e.V. og Flensborg Yacht Club (FYC). Allerede n\u00e5r man kommer k\u00f8rende i bil, er vejen ned til klubben noget [&hellip;]<\/p>\n","protected":false},"author":1,"featured_media":70,"parent":2,"menu_order":1,"comment_status":"closed","ping_status":"closed","template":"","meta":{"ngg_post_thumbnail":0,"footnotes":""},"class_list":["post-64","page","type-page","status-publish","has-post-thumbnail","hentry"],"yoast_head":"<!-- This site is optimized with the Yoast SEO plugin v26.7 - https:\/\/yoast.com\/wordpress\/plugins\/seo\/ -->\n<title>Flensborg Yacht Club - Jaguar 25<\/title>\n<meta name=\"robots\" content=\"index, follow, max-snippet:-1, max-image-preview:large, max-video-preview:-1\" \/>\n<link rel=\"canonical\" href=\"https:\/\/jaguar-yacht.de\/beispiel-seite\/flensborg-yacht-club\/\" \/>\n<meta property=\"og:locale\" content=\"da_DK\" \/>\n<meta property=\"og:type\" content=\"article\" \/>\n<meta property=\"og:title\" content=\"Flensborg Yacht Club - Jaguar 25\" \/>\n<meta property=\"og:description\" content=\"Flensborg Yacht Club er den eneste danske sejlclub syd for gr\u00e6nsen. Den ligger ved Ewoldtweg i bydelen M\u00fcrwik i Flensborg. Havneanl\u00e6get bliver brugt af to sejlclubber. Den tyske klub Segler-Vereinigung Flensburg e.V. og Flensborg Yacht Club (FYC). Allerede n\u00e5r man kommer k\u00f8rende i bil, er vejen ned til klubben noget [&hellip;]\" \/>\n<meta property=\"og:url\" content=\"https:\/\/jaguar-yacht.de\/beispiel-seite\/flensborg-yacht-club\/\" \/>\n<meta property=\"og:site_name\" content=\"Jaguar 25\" \/>\n<meta property=\"article:modified_time\" content=\"2019-06-04T06:43:19+00:00\" \/>\n<meta property=\"og:image\" content=\"https:\/\/jaguar-yacht.de\/wp-content\/uploads\/2011\/06\/FYC.jpg\" \/>\n\t<meta property=\"og:image:width\" content=\"500\" \/>\n\t<meta property=\"og:image:height\" content=\"380\" \/>\n\t<meta property=\"og:image:type\" content=\"image\/jpeg\" \/>\n<meta name=\"twitter:card\" content=\"summary_large_image\" \/>\n<meta name=\"twitter:label1\" content=\"Estimeret l\u00e6setid\" \/>\n\t<meta name=\"twitter:data1\" content=\"4 minutter\" \/>\n<script type=\"application\/ld+json\" class=\"yoast-schema-graph\">{\"@context\":\"https:\/\/schema.org\",\"@graph\":[{\"@type\":\"WebPage\",\"@id\":\"https:\/\/jaguar-yacht.de\/beispiel-seite\/flensborg-yacht-club\/\",\"url\":\"https:\/\/jaguar-yacht.de\/beispiel-seite\/flensborg-yacht-club\/\",\"name\":\"Flensborg Yacht Club - Jaguar 25\",\"isPartOf\":{\"@id\":\"https:\/\/jaguar-yacht.de\/#website\"},\"primaryImageOfPage\":{\"@id\":\"https:\/\/jaguar-yacht.de\/beispiel-seite\/flensborg-yacht-club\/#primaryimage\"},\"image\":{\"@id\":\"https:\/\/jaguar-yacht.de\/beispiel-seite\/flensborg-yacht-club\/#primaryimage\"},\"thumbnailUrl\":\"https:\/\/jaguar-yacht.de\/wp-content\/uploads\/2011\/06\/FYC.jpg\",\"datePublished\":\"2011-06-07T07:53:38+00:00\",\"dateModified\":\"2019-06-04T06:43:19+00:00\",\"breadcrumb\":{\"@id\":\"https:\/\/jaguar-yacht.de\/beispiel-seite\/flensborg-yacht-club\/#breadcrumb\"},\"inLanguage\":\"da-DK\",\"potentialAction\":[{\"@type\":\"ReadAction\",\"target\":[\"https:\/\/jaguar-yacht.de\/beispiel-seite\/flensborg-yacht-club\/\"]}]},{\"@type\":\"ImageObject\",\"inLanguage\":\"da-DK\",\"@id\":\"https:\/\/jaguar-yacht.de\/beispiel-seite\/flensborg-yacht-club\/#primaryimage\",\"url\":\"https:\/\/jaguar-yacht.de\/wp-content\/uploads\/2011\/06\/FYC.jpg\",\"contentUrl\":\"https:\/\/jaguar-yacht.de\/wp-content\/uploads\/2011\/06\/FYC.jpg\",\"width\":\"500\",\"height\":\"380\"},{\"@type\":\"BreadcrumbList\",\"@id\":\"https:\/\/jaguar-yacht.de\/beispiel-seite\/flensborg-yacht-club\/#breadcrumb\",\"itemListElement\":[{\"@type\":\"ListItem\",\"position\":1,\"name\":\"Startseite\",\"item\":\"https:\/\/jaguar-yacht.de\/\"},{\"@type\":\"ListItem\",\"position\":2,\"name\":\"Das Revier\",\"item\":\"https:\/\/jaguar-yacht.de\/beispiel-seite\/\"},{\"@type\":\"ListItem\",\"position\":3,\"name\":\"Flensborg Yacht Club\"}]},{\"@type\":\"WebSite\",\"@id\":\"https:\/\/jaguar-yacht.de\/#website\",\"url\":\"https:\/\/jaguar-yacht.de\/\",\"name\":\"Jaguar 25\",\"description\":\"Schiffe die hinter dem Horizont verschwinden sind nicht weg - man sieht sie nur nicht mehr.\",\"publisher\":{\"@id\":\"https:\/\/jaguar-yacht.de\/#\/schema\/person\/373dddb1a7003b67a1230f5b6479b3df\"},\"potentialAction\":[{\"@type\":\"SearchAction\",\"target\":{\"@type\":\"EntryPoint\",\"urlTemplate\":\"https:\/\/jaguar-yacht.de\/?s={search_term_string}\"},\"query-input\":{\"@type\":\"PropertyValueSpecification\",\"valueRequired\":true,\"valueName\":\"search_term_string\"}}],\"inLanguage\":\"da-DK\"},{\"@type\":[\"Person\",\"Organization\"],\"@id\":\"https:\/\/jaguar-yacht.de\/#\/schema\/person\/373dddb1a7003b67a1230f5b6479b3df\",\"name\":\"Olaf\",\"image\":{\"@type\":\"ImageObject\",\"inLanguage\":\"da-DK\",\"@id\":\"https:\/\/jaguar-yacht.de\/#\/schema\/person\/image\/\",\"url\":\"https:\/\/jaguar-yacht.de\/wp-content\/uploads\/2019\/06\/jaguar-blau-200.png\",\"contentUrl\":\"https:\/\/jaguar-yacht.de\/wp-content\/uploads\/2019\/06\/jaguar-blau-200.png\",\"width\":200,\"height\":45,\"caption\":\"Olaf\"},\"logo\":{\"@id\":\"https:\/\/jaguar-yacht.de\/#\/schema\/person\/image\/\"}}]}<\/script>\n<!-- \/ Yoast SEO plugin. -->","yoast_head_json":{"title":"Flensborg Yacht Club - Jaguar 25","robots":{"index":"index","follow":"follow","max-snippet":"max-snippet:-1","max-image-preview":"max-image-preview:large","max-video-preview":"max-video-preview:-1"},"canonical":"https:\/\/jaguar-yacht.de\/beispiel-seite\/flensborg-yacht-club\/","og_locale":"da_DK","og_type":"article","og_title":"Flensborg Yacht Club - Jaguar 25","og_description":"Flensborg Yacht Club er den eneste danske sejlclub syd for gr\u00e6nsen. Den ligger ved Ewoldtweg i bydelen M\u00fcrwik i Flensborg. Havneanl\u00e6get bliver brugt af to sejlclubber. Den tyske klub Segler-Vereinigung Flensburg e.V. og Flensborg Yacht Club (FYC). Allerede n\u00e5r man kommer k\u00f8rende i bil, er vejen ned til klubben noget [&hellip;]","og_url":"https:\/\/jaguar-yacht.de\/beispiel-seite\/flensborg-yacht-club\/","og_site_name":"Jaguar 25","article_modified_time":"2019-06-04T06:43:19+00:00","og_image":[{"width":500,"height":380,"url":"https:\/\/jaguar-yacht.de\/wp-content\/uploads\/2011\/06\/FYC.jpg","type":"image\/jpeg"}],"twitter_card":"summary_large_image","twitter_misc":{"Estimeret l\u00e6setid":"4 minutter"},"schema":{"@context":"https:\/\/schema.org","@graph":[{"@type":"WebPage","@id":"https:\/\/jaguar-yacht.de\/beispiel-seite\/flensborg-yacht-club\/","url":"https:\/\/jaguar-yacht.de\/beispiel-seite\/flensborg-yacht-club\/","name":"Flensborg Yacht Club - Jaguar 25","isPartOf":{"@id":"https:\/\/jaguar-yacht.de\/#website"},"primaryImageOfPage":{"@id":"https:\/\/jaguar-yacht.de\/beispiel-seite\/flensborg-yacht-club\/#primaryimage"},"image":{"@id":"https:\/\/jaguar-yacht.de\/beispiel-seite\/flensborg-yacht-club\/#primaryimage"},"thumbnailUrl":"https:\/\/jaguar-yacht.de\/wp-content\/uploads\/2011\/06\/FYC.jpg","datePublished":"2011-06-07T07:53:38+00:00","dateModified":"2019-06-04T06:43:19+00:00","breadcrumb":{"@id":"https:\/\/jaguar-yacht.de\/beispiel-seite\/flensborg-yacht-club\/#breadcrumb"},"inLanguage":"da-DK","potentialAction":[{"@type":"ReadAction","target":["https:\/\/jaguar-yacht.de\/beispiel-seite\/flensborg-yacht-club\/"]}]},{"@type":"ImageObject","inLanguage":"da-DK","@id":"https:\/\/jaguar-yacht.de\/beispiel-seite\/flensborg-yacht-club\/#primaryimage","url":"https:\/\/jaguar-yacht.de\/wp-content\/uploads\/2011\/06\/FYC.jpg","contentUrl":"https:\/\/jaguar-yacht.de\/wp-content\/uploads\/2011\/06\/FYC.jpg","width":"500","height":"380"},{"@type":"BreadcrumbList","@id":"https:\/\/jaguar-yacht.de\/beispiel-seite\/flensborg-yacht-club\/#breadcrumb","itemListElement":[{"@type":"ListItem","position":1,"name":"Startseite","item":"https:\/\/jaguar-yacht.de\/"},{"@type":"ListItem","position":2,"name":"Das Revier","item":"https:\/\/jaguar-yacht.de\/beispiel-seite\/"},{"@type":"ListItem","position":3,"name":"Flensborg Yacht Club"}]},{"@type":"WebSite","@id":"https:\/\/jaguar-yacht.de\/#website","url":"https:\/\/jaguar-yacht.de\/","name":"Jaguar 25","description":"Schiffe die hinter dem Horizont verschwinden sind nicht weg - man sieht sie nur nicht mehr.","publisher":{"@id":"https:\/\/jaguar-yacht.de\/#\/schema\/person\/373dddb1a7003b67a1230f5b6479b3df"},"potentialAction":[{"@type":"SearchAction","target":{"@type":"EntryPoint","urlTemplate":"https:\/\/jaguar-yacht.de\/?s={search_term_string}"},"query-input":{"@type":"PropertyValueSpecification","valueRequired":true,"valueName":"search_term_string"}}],"inLanguage":"da-DK"},{"@type":["Person","Organization"],"@id":"https:\/\/jaguar-yacht.de\/#\/schema\/person\/373dddb1a7003b67a1230f5b6479b3df","name":"Olaf","image":{"@type":"ImageObject","inLanguage":"da-DK","@id":"https:\/\/jaguar-yacht.de\/#\/schema\/person\/image\/","url":"https:\/\/jaguar-yacht.de\/wp-content\/uploads\/2019\/06\/jaguar-blau-200.png","contentUrl":"https:\/\/jaguar-yacht.de\/wp-content\/uploads\/2019\/06\/jaguar-blau-200.png","width":200,"height":45,"caption":"Olaf"},"logo":{"@id":"https:\/\/jaguar-yacht.de\/#\/schema\/person\/image\/"}}]}},"_links":{"self":[{"href":"https:\/\/jaguar-yacht.de\/da\/wp-json\/wp\/v2\/pages\/64","targetHints":{"allow":["GET"]}}],"collection":[{"href":"https:\/\/jaguar-yacht.de\/da\/wp-json\/wp\/v2\/pages"}],"about":[{"href":"https:\/\/jaguar-yacht.de\/da\/wp-json\/wp\/v2\/types\/page"}],"author":[{"embeddable":true,"href":"https:\/\/jaguar-yacht.de\/da\/wp-json\/wp\/v2\/users\/1"}],"replies":[{"embeddable":true,"href":"https:\/\/jaguar-yacht.de\/da\/wp-json\/wp\/v2\/comments?post=64"}],"version-history":[{"count":23,"href":"https:\/\/jaguar-yacht.de\/da\/wp-json\/wp\/v2\/pages\/64\/revisions"}],"predecessor-version":[{"id":1902,"href":"https:\/\/jaguar-yacht.de\/da\/wp-json\/wp\/v2\/pages\/64\/revisions\/1902"}],"up":[{"embeddable":true,"href":"https:\/\/jaguar-yacht.de\/da\/wp-json\/wp\/v2\/pages\/2"}],"wp:featuredmedia":[{"embeddable":true,"href":"https:\/\/jaguar-yacht.de\/da\/wp-json\/wp\/v2\/media\/70"}],"wp:attachment":[{"href":"https:\/\/jaguar-yacht.de\/da\/wp-json\/wp\/v2\/media?parent=64"}],"curies":[{"name":"wp","href":"https:\/\/api.w.org\/{rel}","templated":true}]}}