{"id":83,"date":"2011-06-07T10:51:42","date_gmt":"2011-06-07T10:51:42","guid":{"rendered":"http:\/\/jaguar-yacht.de\/?page_id=83"},"modified":"2015-03-12T20:17:10","modified_gmt":"2015-03-12T18:17:10","slug":"technische-daten","status":"publish","type":"page","link":"https:\/\/jaguar-yacht.de\/da\/die-yacht\/technische-daten\/","title":{"rendered":"Tekniske Data"},"content":{"rendered":"<p><\/p>\n<table id=\"table_1\" width=\"640\" cellspacing=\"0\" cellpadding=\"0\">\n<tbody>\n<tr id=\"table_1_R01\">\n<td id=\"table_1_R01C01\">\u00a0<\/td>\n<td id=\"table_1_R01C02\">Engelsk System<\/td>\n<td id=\"table_1_R01C03\">Metrisk<\/td>\n<\/tr>\n<tr>\n<td>Bygge\u00e5r 1978<\/td>\n<td>\u00a0<\/td>\n<td>\u00a0<\/td>\n<\/tr>\n<tr id=\"table_1_R02\">\n<td id=\"table_1_R02C01\">L\u00e6ngde over alt<\/td>\n<td id=\"table_1_R02C02\">26\u2019 3\u201d<\/td>\n<td id=\"table_1_R02C03\">8.00 m<\/td>\n<\/tr>\n<tr id=\"table_1_R03\">\n<td id=\"table_1_R03C01\">Decksl\u00e6ngde<\/td>\n<td id=\"table_1_R03C02\">25\u2019 0\u201d<\/td>\n<td id=\"table_1_R03C03\">7.62 m<\/td>\n<\/tr>\n<tr id=\"table_1_R04\">\n<td id=\"table_1_R04C01\">L\u00e6ngde Vandlinie<\/td>\n<td id=\"table_1_R04C02\">22\u2019 0\u201d<\/td>\n<td id=\"table_1_R04C03\">6.70 m<\/td>\n<\/tr>\n<tr id=\"table_1_R05\">\n<td id=\"table_1_R05C01\">Bredde<\/td>\n<td id=\"table_1_R05C02\">8\u2019 3\u201d<\/td>\n<td id=\"table_1_R05C03\">2.50 m<\/td>\n<\/tr>\n<tr id=\"table_1_R06\">\n<td id=\"table_1_R06C01\">Brede Vandlinie<\/td>\n<td id=\"table_1_R06C02\">7.3 ft<\/td>\n<td id=\"table_1_R06C03\">2.22 m<\/td>\n<\/tr>\n<tr id=\"table_1_R07\">\n<td id=\"table_1_R07C01\">Dybgang<\/td>\n<td id=\"table_1_R07C02\">5.8 ft<\/td>\n<td id=\"table_1_R07C03\">1,46 m<\/td>\n<\/tr>\n<tr id=\"table_1_R08\">\n<td id=\"table_1_R08C01\">V\u00e6gt<\/td>\n<td id=\"table_1_R08C02\">4300 lbs<\/td>\n<td id=\"table_1_R08C03\">1950 Kg<\/td>\n<\/tr>\n<tr id=\"table_1_R09\">\n<td id=\"table_1_R09C01\">K\u00f8lv\u00e6gt<\/td>\n<td id=\"table_1_R09C02\">2000 lbs<\/td>\n<td id=\"table_1_R09C03\">907 Kg<\/td>\n<\/tr>\n<tr id=\"table_1_R10\">\n<td id=\"table_1_R10C01\">Sejlareal:<\/td>\n<td id=\"table_1_R10C02\">\u00a0<\/td>\n<td id=\"table_1_R10C03\">\u00a0<\/td>\n<\/tr>\n<tr id=\"table_1_R11\">\n<td id=\"table_1_R11C01\">Storsejl<\/td>\n<td id=\"table_1_R11C02\">125 sq ft<\/td>\n<td id=\"table_1_R11C03\">11,61 m\u00b2<\/td>\n<\/tr>\n<tr id=\"table_1_R12\">\n<td id=\"table_1_R12C01\">Genoa<\/td>\n<td id=\"table_1_R12C02\">228 sq ft<\/td>\n<td id=\"table_1_R12C03\">21,18 m\u00b2<\/td>\n<\/tr>\n<tr id=\"table_1_R13\">\n<td id=\"table_1_R13C01\">Blister<\/td>\n<td id=\"table_1_R13C02\">409 sq ft<\/td>\n<td id=\"table_1_R13C03\">38,0 m\u00b2<\/td>\n<\/tr>\n<\/tbody>\n<\/table>\n<p><a href=\"https:\/\/jaguar-yacht.de\/wp-content\/uploads\/2011\/06\/jag25lines.png\"><img loading=\"lazy\" decoding=\"async\" class=\"alignleft size-full wp-image-330\" title=\"jag25lines\" src=\"https:\/\/jaguar-yacht.de\/wp-content\/uploads\/2011\/06\/jag25lines.png\" alt=\"\" width=\"480\" height=\"680\" srcset=\"https:\/\/jaguar-yacht.de\/wp-content\/uploads\/2011\/06\/jag25lines.png 480w, https:\/\/jaguar-yacht.de\/wp-content\/uploads\/2011\/06\/jag25lines-211x300.png 211w\" sizes=\"auto, (max-width: 480px) 100vw, 480px\" \/><\/a><\/p>\n<p><\/p>","protected":false},"excerpt":{"rendered":"<p>\u00a0 Engelsk System Metrisk Bygge\u00e5r 1978 \u00a0 \u00a0 L\u00e6ngde over alt 26\u2019 3\u201d 8.00 m Decksl\u00e6ngde 25\u2019 0\u201d 7.62 m L\u00e6ngde Vandlinie 22\u2019 0\u201d 6.70 m Bredde 8\u2019 3\u201d 2.50 m Brede Vandlinie 7.3 ft 2.22 m Dybgang 5.8 ft 1,46 m V\u00e6gt 4300 lbs 1950 Kg K\u00f8lv\u00e6gt 2000 lbs [&hellip;]<\/p>\n","protected":false},"author":1,"featured_media":0,"parent":47,"menu_order":3,"comment_status":"closed","ping_status":"closed","template":"","meta":{"ngg_post_thumbnail":0,"footnotes":""},"class_list":["post-83","page","type-page","status-publish","hentry"],"yoast_head":"<!-- This site is optimized with the Yoast SEO plugin v26.7 - https:\/\/yoast.com\/wordpress\/plugins\/seo\/ -->\n<title>Tekniske Data - Jaguar 25<\/title>\n<meta name=\"robots\" content=\"index, follow, max-snippet:-1, max-image-preview:large, max-video-preview:-1\" \/>\n<link rel=\"canonical\" href=\"https:\/\/jaguar-yacht.de\/die-yacht\/technische-daten\/\" \/>\n<meta property=\"og:locale\" content=\"da_DK\" \/>\n<meta property=\"og:type\" content=\"article\" \/>\n<meta property=\"og:title\" content=\"Tekniske Data - Jaguar 25\" \/>\n<meta property=\"og:description\" content=\"\u00a0 Engelsk System Metrisk Bygge\u00e5r 1978 \u00a0 \u00a0 L\u00e6ngde over alt 26\u2019 3\u201d 8.00 m Decksl\u00e6ngde 25\u2019 0\u201d 7.62 m L\u00e6ngde Vandlinie 22\u2019 0\u201d 6.70 m Bredde 8\u2019 3\u201d 2.50 m Brede Vandlinie 7.3 ft 2.22 m Dybgang 5.8 ft 1,46 m V\u00e6gt 4300 lbs 1950 Kg K\u00f8lv\u00e6gt 2000 lbs [&hellip;]\" \/>\n<meta property=\"og:url\" content=\"https:\/\/jaguar-yacht.de\/die-yacht\/technische-daten\/\" \/>\n<meta property=\"og:site_name\" content=\"Jaguar 25\" \/>\n<meta property=\"article:modified_time\" content=\"2015-03-12T18:17:10+00:00\" \/>\n<meta property=\"og:image\" content=\"https:\/\/jaguar-yacht.de\/wp-content\/uploads\/2011\/06\/jag25lines.png\" \/>\n\t<meta property=\"og:image:width\" content=\"480\" \/>\n\t<meta property=\"og:image:height\" content=\"680\" \/>\n\t<meta property=\"og:image:type\" content=\"image\/png\" \/>\n<meta name=\"twitter:card\" content=\"summary_large_image\" \/>\n<meta name=\"twitter:label1\" content=\"Estimeret l\u00e6setid\" \/>\n\t<meta name=\"twitter:data1\" content=\"1 minut\" \/>\n<script type=\"application\/ld+json\" class=\"yoast-schema-graph\">{\"@context\":\"https:\/\/schema.org\",\"@graph\":[{\"@type\":\"WebPage\",\"@id\":\"https:\/\/jaguar-yacht.de\/die-yacht\/technische-daten\/\",\"url\":\"https:\/\/jaguar-yacht.de\/die-yacht\/technische-daten\/\",\"name\":\"Tekniske Data - Jaguar 25\",\"isPartOf\":{\"@id\":\"https:\/\/jaguar-yacht.de\/#website\"},\"primaryImageOfPage\":{\"@id\":\"https:\/\/jaguar-yacht.de\/die-yacht\/technische-daten\/#primaryimage\"},\"image\":{\"@id\":\"https:\/\/jaguar-yacht.de\/die-yacht\/technische-daten\/#primaryimage\"},\"thumbnailUrl\":\"https:\/\/jaguar-yacht.de\/wp-content\/uploads\/2011\/06\/jag25lines.png\",\"datePublished\":\"2011-06-07T10:51:42+00:00\",\"dateModified\":\"2015-03-12T18:17:10+00:00\",\"breadcrumb\":{\"@id\":\"https:\/\/jaguar-yacht.de\/die-yacht\/technische-daten\/#breadcrumb\"},\"inLanguage\":\"da-DK\",\"potentialAction\":[{\"@type\":\"ReadAction\",\"target\":[\"https:\/\/jaguar-yacht.de\/die-yacht\/technische-daten\/\"]}]},{\"@type\":\"ImageObject\",\"inLanguage\":\"da-DK\",\"@id\":\"https:\/\/jaguar-yacht.de\/die-yacht\/technische-daten\/#primaryimage\",\"url\":\"https:\/\/jaguar-yacht.de\/wp-content\/uploads\/2011\/06\/jag25lines.png\",\"contentUrl\":\"https:\/\/jaguar-yacht.de\/wp-content\/uploads\/2011\/06\/jag25lines.png\"},{\"@type\":\"BreadcrumbList\",\"@id\":\"https:\/\/jaguar-yacht.de\/die-yacht\/technische-daten\/#breadcrumb\",\"itemListElement\":[{\"@type\":\"ListItem\",\"position\":1,\"name\":\"Startseite\",\"item\":\"https:\/\/jaguar-yacht.de\/\"},{\"@type\":\"ListItem\",\"position\":2,\"name\":\"Die Yacht\",\"item\":\"https:\/\/jaguar-yacht.de\/die-yacht\/\"},{\"@type\":\"ListItem\",\"position\":3,\"name\":\"Technische Daten\"}]},{\"@type\":\"WebSite\",\"@id\":\"https:\/\/jaguar-yacht.de\/#website\",\"url\":\"https:\/\/jaguar-yacht.de\/\",\"name\":\"Jaguar 25\",\"description\":\"Schiffe die hinter dem Horizont verschwinden sind nicht weg - man sieht sie nur nicht mehr.\",\"publisher\":{\"@id\":\"https:\/\/jaguar-yacht.de\/#\/schema\/person\/373dddb1a7003b67a1230f5b6479b3df\"},\"potentialAction\":[{\"@type\":\"SearchAction\",\"target\":{\"@type\":\"EntryPoint\",\"urlTemplate\":\"https:\/\/jaguar-yacht.de\/?s={search_term_string}\"},\"query-input\":{\"@type\":\"PropertyValueSpecification\",\"valueRequired\":true,\"valueName\":\"search_term_string\"}}],\"inLanguage\":\"da-DK\"},{\"@type\":[\"Person\",\"Organization\"],\"@id\":\"https:\/\/jaguar-yacht.de\/#\/schema\/person\/373dddb1a7003b67a1230f5b6479b3df\",\"name\":\"Olaf\",\"image\":{\"@type\":\"ImageObject\",\"inLanguage\":\"da-DK\",\"@id\":\"https:\/\/jaguar-yacht.de\/#\/schema\/person\/image\/\",\"url\":\"https:\/\/jaguar-yacht.de\/wp-content\/uploads\/2019\/06\/jaguar-blau-200.png\",\"contentUrl\":\"https:\/\/jaguar-yacht.de\/wp-content\/uploads\/2019\/06\/jaguar-blau-200.png\",\"width\":200,\"height\":45,\"caption\":\"Olaf\"},\"logo\":{\"@id\":\"https:\/\/jaguar-yacht.de\/#\/schema\/person\/image\/\"}}]}<\/script>\n<!-- \/ Yoast SEO plugin. -->","yoast_head_json":{"title":"Tekniske Data - Jaguar 25","robots":{"index":"index","follow":"follow","max-snippet":"max-snippet:-1","max-image-preview":"max-image-preview:large","max-video-preview":"max-video-preview:-1"},"canonical":"https:\/\/jaguar-yacht.de\/die-yacht\/technische-daten\/","og_locale":"da_DK","og_type":"article","og_title":"Tekniske Data - Jaguar 25","og_description":"\u00a0 Engelsk System Metrisk Bygge\u00e5r 1978 \u00a0 \u00a0 L\u00e6ngde over alt 26\u2019 3\u201d 8.00 m Decksl\u00e6ngde 25\u2019 0\u201d 7.62 m L\u00e6ngde Vandlinie 22\u2019 0\u201d 6.70 m Bredde 8\u2019 3\u201d 2.50 m Brede Vandlinie 7.3 ft 2.22 m Dybgang 5.8 ft 1,46 m V\u00e6gt 4300 lbs 1950 Kg K\u00f8lv\u00e6gt 2000 lbs [&hellip;]","og_url":"https:\/\/jaguar-yacht.de\/die-yacht\/technische-daten\/","og_site_name":"Jaguar 25","article_modified_time":"2015-03-12T18:17:10+00:00","og_image":[{"width":480,"height":680,"url":"https:\/\/jaguar-yacht.de\/wp-content\/uploads\/2011\/06\/jag25lines.png","type":"image\/png"}],"twitter_card":"summary_large_image","twitter_misc":{"Estimeret l\u00e6setid":"1 minut"},"schema":{"@context":"https:\/\/schema.org","@graph":[{"@type":"WebPage","@id":"https:\/\/jaguar-yacht.de\/die-yacht\/technische-daten\/","url":"https:\/\/jaguar-yacht.de\/die-yacht\/technische-daten\/","name":"Tekniske Data - Jaguar 25","isPartOf":{"@id":"https:\/\/jaguar-yacht.de\/#website"},"primaryImageOfPage":{"@id":"https:\/\/jaguar-yacht.de\/die-yacht\/technische-daten\/#primaryimage"},"image":{"@id":"https:\/\/jaguar-yacht.de\/die-yacht\/technische-daten\/#primaryimage"},"thumbnailUrl":"https:\/\/jaguar-yacht.de\/wp-content\/uploads\/2011\/06\/jag25lines.png","datePublished":"2011-06-07T10:51:42+00:00","dateModified":"2015-03-12T18:17:10+00:00","breadcrumb":{"@id":"https:\/\/jaguar-yacht.de\/die-yacht\/technische-daten\/#breadcrumb"},"inLanguage":"da-DK","potentialAction":[{"@type":"ReadAction","target":["https:\/\/jaguar-yacht.de\/die-yacht\/technische-daten\/"]}]},{"@type":"ImageObject","inLanguage":"da-DK","@id":"https:\/\/jaguar-yacht.de\/die-yacht\/technische-daten\/#primaryimage","url":"https:\/\/jaguar-yacht.de\/wp-content\/uploads\/2011\/06\/jag25lines.png","contentUrl":"https:\/\/jaguar-yacht.de\/wp-content\/uploads\/2011\/06\/jag25lines.png"},{"@type":"BreadcrumbList","@id":"https:\/\/jaguar-yacht.de\/die-yacht\/technische-daten\/#breadcrumb","itemListElement":[{"@type":"ListItem","position":1,"name":"Startseite","item":"https:\/\/jaguar-yacht.de\/"},{"@type":"ListItem","position":2,"name":"Die Yacht","item":"https:\/\/jaguar-yacht.de\/die-yacht\/"},{"@type":"ListItem","position":3,"name":"Technische Daten"}]},{"@type":"WebSite","@id":"https:\/\/jaguar-yacht.de\/#website","url":"https:\/\/jaguar-yacht.de\/","name":"Jaguar 25","description":"Schiffe die hinter dem Horizont verschwinden sind nicht weg - man sieht sie nur nicht mehr.","publisher":{"@id":"https:\/\/jaguar-yacht.de\/#\/schema\/person\/373dddb1a7003b67a1230f5b6479b3df"},"potentialAction":[{"@type":"SearchAction","target":{"@type":"EntryPoint","urlTemplate":"https:\/\/jaguar-yacht.de\/?s={search_term_string}"},"query-input":{"@type":"PropertyValueSpecification","valueRequired":true,"valueName":"search_term_string"}}],"inLanguage":"da-DK"},{"@type":["Person","Organization"],"@id":"https:\/\/jaguar-yacht.de\/#\/schema\/person\/373dddb1a7003b67a1230f5b6479b3df","name":"Olaf","image":{"@type":"ImageObject","inLanguage":"da-DK","@id":"https:\/\/jaguar-yacht.de\/#\/schema\/person\/image\/","url":"https:\/\/jaguar-yacht.de\/wp-content\/uploads\/2019\/06\/jaguar-blau-200.png","contentUrl":"https:\/\/jaguar-yacht.de\/wp-content\/uploads\/2019\/06\/jaguar-blau-200.png","width":200,"height":45,"caption":"Olaf"},"logo":{"@id":"https:\/\/jaguar-yacht.de\/#\/schema\/person\/image\/"}}]}},"_links":{"self":[{"href":"https:\/\/jaguar-yacht.de\/da\/wp-json\/wp\/v2\/pages\/83","targetHints":{"allow":["GET"]}}],"collection":[{"href":"https:\/\/jaguar-yacht.de\/da\/wp-json\/wp\/v2\/pages"}],"about":[{"href":"https:\/\/jaguar-yacht.de\/da\/wp-json\/wp\/v2\/types\/page"}],"author":[{"embeddable":true,"href":"https:\/\/jaguar-yacht.de\/da\/wp-json\/wp\/v2\/users\/1"}],"replies":[{"embeddable":true,"href":"https:\/\/jaguar-yacht.de\/da\/wp-json\/wp\/v2\/comments?post=83"}],"version-history":[{"count":18,"href":"https:\/\/jaguar-yacht.de\/da\/wp-json\/wp\/v2\/pages\/83\/revisions"}],"predecessor-version":[{"id":1440,"href":"https:\/\/jaguar-yacht.de\/da\/wp-json\/wp\/v2\/pages\/83\/revisions\/1440"}],"up":[{"embeddable":true,"href":"https:\/\/jaguar-yacht.de\/da\/wp-json\/wp\/v2\/pages\/47"}],"wp:attachment":[{"href":"https:\/\/jaguar-yacht.de\/da\/wp-json\/wp\/v2\/media?parent=83"}],"curies":[{"name":"wp","href":"https:\/\/api.w.org\/{rel}","templated":true}]}}