{"id":94,"date":"2011-06-07T17:18:39","date_gmt":"2011-06-07T17:18:39","guid":{"rendered":"http:\/\/jaguar-yacht.de\/?page_id=94"},"modified":"2019-06-04T08:39:38","modified_gmt":"2019-06-04T06:39:38","slug":"exterieur","status":"publish","type":"page","link":"https:\/\/jaguar-yacht.de\/da\/die-yacht\/exterieur\/","title":{"rendered":"Exterieur"},"content":{"rendered":"<p>Her vil jeg gerne pr\u00e6sentere Fuchur udvendig. I l\u00f8bet af \u00e5rene er der ogs\u00e5 her sket et par forandringer. Klik p\u00e5 de markerede omr\u00e5der for at f\u00e5 mere at vide. <a href=\"https:\/\/jaguar-yacht.de\/wp-content\/uploads\/2011\/06\/Grundriss-exterieur_da.jpg\"><img loading=\"lazy\" decoding=\"async\" class=\"alignleft size-large wp-image-511\" src=\"https:\/\/jaguar-yacht.de\/wp-content\/uploads\/2011\/06\/Grundriss-exterieur_da-1024x673.jpg\" alt=\"Grundriss exterieur_da\" width=\"640\" height=\"420\" srcset=\"https:\/\/jaguar-yacht.de\/wp-content\/uploads\/2011\/06\/Grundriss-exterieur_da-1024x673.jpg 1024w, https:\/\/jaguar-yacht.de\/wp-content\/uploads\/2011\/06\/Grundriss-exterieur_da-300x197.jpg 300w, https:\/\/jaguar-yacht.de\/wp-content\/uploads\/2011\/06\/Grundriss-exterieur_da.jpg 1678w\" sizes=\"auto, (max-width: 640px) 100vw, 640px\" \/><\/a><\/p>\n<p><\/p>","protected":false},"excerpt":{"rendered":"<p>Her vil jeg gerne pr\u00e6sentere Fuchur udvendig. I l\u00f8bet af \u00e5rene er der ogs\u00e5 her sket et par forandringer. Klik p\u00e5 de markerede omr\u00e5der for at f\u00e5 mere at vide.<\/p>\n","protected":false},"author":1,"featured_media":0,"parent":47,"menu_order":1,"comment_status":"closed","ping_status":"closed","template":"page-templates\/template-fullwidth.php","meta":{"ngg_post_thumbnail":0,"footnotes":""},"class_list":["post-94","page","type-page","status-publish","hentry"],"yoast_head":"<!-- This site is optimized with the Yoast SEO plugin v26.7 - https:\/\/yoast.com\/wordpress\/plugins\/seo\/ -->\n<title>Exterieur - Jaguar 25<\/title>\n<meta name=\"robots\" content=\"index, follow, max-snippet:-1, max-image-preview:large, max-video-preview:-1\" \/>\n<link rel=\"canonical\" href=\"https:\/\/jaguar-yacht.de\/en\/die-yacht\/exterieur\/\" \/>\n<meta property=\"og:locale\" content=\"da_DK\" \/>\n<meta property=\"og:type\" content=\"article\" \/>\n<meta property=\"og:title\" content=\"Exterieur - Jaguar 25\" \/>\n<meta property=\"og:description\" content=\"Her vil jeg gerne pr\u00e6sentere Fuchur udvendig. I l\u00f8bet af \u00e5rene er der ogs\u00e5 her sket et par forandringer. Klik p\u00e5 de markerede omr\u00e5der for at f\u00e5 mere at vide.\" \/>\n<meta property=\"og:url\" content=\"https:\/\/jaguar-yacht.de\/en\/die-yacht\/exterieur\/\" \/>\n<meta property=\"og:site_name\" content=\"Jaguar 25\" \/>\n<meta property=\"article:modified_time\" content=\"2019-06-04T06:39:38+00:00\" \/>\n<meta property=\"og:image\" content=\"https:\/\/jaguar-yacht.de\/wp-content\/uploads\/2011\/06\/Grundriss-exterieur_de.jpg\" \/>\n\t<meta property=\"og:image:width\" content=\"1678\" \/>\n\t<meta property=\"og:image:height\" content=\"1103\" \/>\n\t<meta property=\"og:image:type\" content=\"image\/jpeg\" \/>\n<meta name=\"twitter:card\" content=\"summary_large_image\" \/>\n<script type=\"application\/ld+json\" class=\"yoast-schema-graph\">{\"@context\":\"https:\/\/schema.org\",\"@graph\":[{\"@type\":\"WebPage\",\"@id\":\"https:\/\/jaguar-yacht.de\/en\/die-yacht\/exterieur\/\",\"url\":\"https:\/\/jaguar-yacht.de\/en\/die-yacht\/exterieur\/\",\"name\":\"Exterieur - Jaguar 25\",\"isPartOf\":{\"@id\":\"https:\/\/jaguar-yacht.de\/#website\"},\"primaryImageOfPage\":{\"@id\":\"https:\/\/jaguar-yacht.de\/en\/die-yacht\/exterieur\/#primaryimage\"},\"image\":{\"@id\":\"https:\/\/jaguar-yacht.de\/en\/die-yacht\/exterieur\/#primaryimage\"},\"thumbnailUrl\":\"https:\/\/jaguar-yacht.de\/wp-content\/uploads\/2011\/06\/Grundriss-exterieur_de-1024x673.jpg\",\"datePublished\":\"2011-06-07T17:18:39+00:00\",\"dateModified\":\"2019-06-04T06:39:38+00:00\",\"breadcrumb\":{\"@id\":\"https:\/\/jaguar-yacht.de\/en\/die-yacht\/exterieur\/#breadcrumb\"},\"inLanguage\":\"da-DK\",\"potentialAction\":[{\"@type\":\"ReadAction\",\"target\":[\"https:\/\/jaguar-yacht.de\/en\/die-yacht\/exterieur\/\"]}]},{\"@type\":\"ImageObject\",\"inLanguage\":\"da-DK\",\"@id\":\"https:\/\/jaguar-yacht.de\/en\/die-yacht\/exterieur\/#primaryimage\",\"url\":\"https:\/\/jaguar-yacht.de\/wp-content\/uploads\/2011\/06\/Grundriss-exterieur_de-1024x673.jpg\",\"contentUrl\":\"https:\/\/jaguar-yacht.de\/wp-content\/uploads\/2011\/06\/Grundriss-exterieur_de-1024x673.jpg\"},{\"@type\":\"BreadcrumbList\",\"@id\":\"https:\/\/jaguar-yacht.de\/en\/die-yacht\/exterieur\/#breadcrumb\",\"itemListElement\":[{\"@type\":\"ListItem\",\"position\":1,\"name\":\"Startseite\",\"item\":\"https:\/\/jaguar-yacht.de\/\"},{\"@type\":\"ListItem\",\"position\":2,\"name\":\"Die Yacht\",\"item\":\"https:\/\/jaguar-yacht.de\/die-yacht\/\"},{\"@type\":\"ListItem\",\"position\":3,\"name\":\"Exterieur\"}]},{\"@type\":\"WebSite\",\"@id\":\"https:\/\/jaguar-yacht.de\/#website\",\"url\":\"https:\/\/jaguar-yacht.de\/\",\"name\":\"Jaguar 25\",\"description\":\"Schiffe die hinter dem Horizont verschwinden sind nicht weg - man sieht sie nur nicht mehr.\",\"publisher\":{\"@id\":\"https:\/\/jaguar-yacht.de\/#\/schema\/person\/373dddb1a7003b67a1230f5b6479b3df\"},\"potentialAction\":[{\"@type\":\"SearchAction\",\"target\":{\"@type\":\"EntryPoint\",\"urlTemplate\":\"https:\/\/jaguar-yacht.de\/?s={search_term_string}\"},\"query-input\":{\"@type\":\"PropertyValueSpecification\",\"valueRequired\":true,\"valueName\":\"search_term_string\"}}],\"inLanguage\":\"da-DK\"},{\"@type\":[\"Person\",\"Organization\"],\"@id\":\"https:\/\/jaguar-yacht.de\/#\/schema\/person\/373dddb1a7003b67a1230f5b6479b3df\",\"name\":\"Olaf\",\"image\":{\"@type\":\"ImageObject\",\"inLanguage\":\"da-DK\",\"@id\":\"https:\/\/jaguar-yacht.de\/#\/schema\/person\/image\/\",\"url\":\"https:\/\/jaguar-yacht.de\/wp-content\/uploads\/2019\/06\/jaguar-blau-200.png\",\"contentUrl\":\"https:\/\/jaguar-yacht.de\/wp-content\/uploads\/2019\/06\/jaguar-blau-200.png\",\"width\":200,\"height\":45,\"caption\":\"Olaf\"},\"logo\":{\"@id\":\"https:\/\/jaguar-yacht.de\/#\/schema\/person\/image\/\"}}]}<\/script>\n<!-- \/ Yoast SEO plugin. -->","yoast_head_json":{"title":"Exterieur - Jaguar 25","robots":{"index":"index","follow":"follow","max-snippet":"max-snippet:-1","max-image-preview":"max-image-preview:large","max-video-preview":"max-video-preview:-1"},"canonical":"https:\/\/jaguar-yacht.de\/en\/die-yacht\/exterieur\/","og_locale":"da_DK","og_type":"article","og_title":"Exterieur - Jaguar 25","og_description":"Her vil jeg gerne pr\u00e6sentere Fuchur udvendig. I l\u00f8bet af \u00e5rene er der ogs\u00e5 her sket et par forandringer. Klik p\u00e5 de markerede omr\u00e5der for at f\u00e5 mere at vide.","og_url":"https:\/\/jaguar-yacht.de\/en\/die-yacht\/exterieur\/","og_site_name":"Jaguar 25","article_modified_time":"2019-06-04T06:39:38+00:00","og_image":[{"width":1678,"height":1103,"url":"https:\/\/jaguar-yacht.de\/wp-content\/uploads\/2011\/06\/Grundriss-exterieur_de.jpg","type":"image\/jpeg"}],"twitter_card":"summary_large_image","schema":{"@context":"https:\/\/schema.org","@graph":[{"@type":"WebPage","@id":"https:\/\/jaguar-yacht.de\/en\/die-yacht\/exterieur\/","url":"https:\/\/jaguar-yacht.de\/en\/die-yacht\/exterieur\/","name":"Exterieur - Jaguar 25","isPartOf":{"@id":"https:\/\/jaguar-yacht.de\/#website"},"primaryImageOfPage":{"@id":"https:\/\/jaguar-yacht.de\/en\/die-yacht\/exterieur\/#primaryimage"},"image":{"@id":"https:\/\/jaguar-yacht.de\/en\/die-yacht\/exterieur\/#primaryimage"},"thumbnailUrl":"https:\/\/jaguar-yacht.de\/wp-content\/uploads\/2011\/06\/Grundriss-exterieur_de-1024x673.jpg","datePublished":"2011-06-07T17:18:39+00:00","dateModified":"2019-06-04T06:39:38+00:00","breadcrumb":{"@id":"https:\/\/jaguar-yacht.de\/en\/die-yacht\/exterieur\/#breadcrumb"},"inLanguage":"da-DK","potentialAction":[{"@type":"ReadAction","target":["https:\/\/jaguar-yacht.de\/en\/die-yacht\/exterieur\/"]}]},{"@type":"ImageObject","inLanguage":"da-DK","@id":"https:\/\/jaguar-yacht.de\/en\/die-yacht\/exterieur\/#primaryimage","url":"https:\/\/jaguar-yacht.de\/wp-content\/uploads\/2011\/06\/Grundriss-exterieur_de-1024x673.jpg","contentUrl":"https:\/\/jaguar-yacht.de\/wp-content\/uploads\/2011\/06\/Grundriss-exterieur_de-1024x673.jpg"},{"@type":"BreadcrumbList","@id":"https:\/\/jaguar-yacht.de\/en\/die-yacht\/exterieur\/#breadcrumb","itemListElement":[{"@type":"ListItem","position":1,"name":"Startseite","item":"https:\/\/jaguar-yacht.de\/"},{"@type":"ListItem","position":2,"name":"Die Yacht","item":"https:\/\/jaguar-yacht.de\/die-yacht\/"},{"@type":"ListItem","position":3,"name":"Exterieur"}]},{"@type":"WebSite","@id":"https:\/\/jaguar-yacht.de\/#website","url":"https:\/\/jaguar-yacht.de\/","name":"Jaguar 25","description":"Schiffe die hinter dem Horizont verschwinden sind nicht weg - man sieht sie nur nicht mehr.","publisher":{"@id":"https:\/\/jaguar-yacht.de\/#\/schema\/person\/373dddb1a7003b67a1230f5b6479b3df"},"potentialAction":[{"@type":"SearchAction","target":{"@type":"EntryPoint","urlTemplate":"https:\/\/jaguar-yacht.de\/?s={search_term_string}"},"query-input":{"@type":"PropertyValueSpecification","valueRequired":true,"valueName":"search_term_string"}}],"inLanguage":"da-DK"},{"@type":["Person","Organization"],"@id":"https:\/\/jaguar-yacht.de\/#\/schema\/person\/373dddb1a7003b67a1230f5b6479b3df","name":"Olaf","image":{"@type":"ImageObject","inLanguage":"da-DK","@id":"https:\/\/jaguar-yacht.de\/#\/schema\/person\/image\/","url":"https:\/\/jaguar-yacht.de\/wp-content\/uploads\/2019\/06\/jaguar-blau-200.png","contentUrl":"https:\/\/jaguar-yacht.de\/wp-content\/uploads\/2019\/06\/jaguar-blau-200.png","width":200,"height":45,"caption":"Olaf"},"logo":{"@id":"https:\/\/jaguar-yacht.de\/#\/schema\/person\/image\/"}}]}},"_links":{"self":[{"href":"https:\/\/jaguar-yacht.de\/da\/wp-json\/wp\/v2\/pages\/94","targetHints":{"allow":["GET"]}}],"collection":[{"href":"https:\/\/jaguar-yacht.de\/da\/wp-json\/wp\/v2\/pages"}],"about":[{"href":"https:\/\/jaguar-yacht.de\/da\/wp-json\/wp\/v2\/types\/page"}],"author":[{"embeddable":true,"href":"https:\/\/jaguar-yacht.de\/da\/wp-json\/wp\/v2\/users\/1"}],"replies":[{"embeddable":true,"href":"https:\/\/jaguar-yacht.de\/da\/wp-json\/wp\/v2\/comments?post=94"}],"version-history":[{"count":35,"href":"https:\/\/jaguar-yacht.de\/da\/wp-json\/wp\/v2\/pages\/94\/revisions"}],"predecessor-version":[{"id":1901,"href":"https:\/\/jaguar-yacht.de\/da\/wp-json\/wp\/v2\/pages\/94\/revisions\/1901"}],"up":[{"embeddable":true,"href":"https:\/\/jaguar-yacht.de\/da\/wp-json\/wp\/v2\/pages\/47"}],"wp:attachment":[{"href":"https:\/\/jaguar-yacht.de\/da\/wp-json\/wp\/v2\/media?parent=94"}],"curies":[{"name":"wp","href":"https:\/\/api.w.org\/{rel}","templated":true}]}}